{"id":5571,"date":"2015-01-26T16:38:48","date_gmt":"2015-01-26T15:38:48","guid":{"rendered":"https:\/\/old.capricemusic.se\/svensktvisarkiv\/?page_id=5571"},"modified":"2024-03-19T15:48:50","modified_gmt":"2024-03-19T14:48:50","slug":"puls","status":"publish","type":"page","link":"https:\/\/old.capricemusic.se\/svensktvisarkiv\/publikationer\/puls\/","title":{"rendered":"Puls"},"content":{"rendered":"<div id=\"pl-5571\"  class=\"panel-layout\" ><div id=\"pg-5571-0\"  class=\"panel-grid panel-no-style\" ><div id=\"pgc-5571-0-0\"  class=\"panel-grid-cell\" ><div id=\"panel-5571-0-0-0\" class=\"so-panel widget widget_black-studio-tinymce widget_black_studio_tinymce panel-first-child panel-last-child\" data-index=\"0\" ><div class=\"textwidget\"><p><img src=\"https:\/\/old.capricemusic.se\/svensktvisarkiv\/files\/2016\/03\/Puls_logo_web_200px.png\" alt=\"Puls \u2013 logotype\" width=\"200\" height=\"200\" \/><\/p>\n<\/div><\/div><\/div><\/div><div id=\"pg-5571-1\"  class=\"panel-grid panel-no-style\" ><div id=\"pgc-5571-1-0\"  class=\"panel-grid-cell\" ><div id=\"panel-5571-1-0-0\" class=\"so-panel widget widget_headers panel-first-child panel-last-child\" data-index=\"1\" ><div class=\"so-widget-headers so-widget-headers-base\"><h1 id=\"puls-musik-och-dansetnologisk-tidskrift\">Puls \u2013 musik- och dansetnologisk tidskrift<\/h1>\n<\/div><\/div><\/div><\/div><div id=\"pg-5571-2\"  class=\"panel-grid panel-no-style\" ><div id=\"pgc-5571-2-0\"  class=\"panel-grid-cell\" ><div id=\"panel-5571-2-0-0\" class=\"so-panel widget widget_black-studio-tinymce widget_black_studio_tinymce panel-first-child panel-last-child\" data-index=\"2\" ><div class=\"textwidget\"><p><em>Puls \u2013 musik- och dansetnologisk tidskrift<\/em> \u00e4r en \u00f6ppen elektronisk tidskrift fr\u00e5n Svenskt visarkiv. Tidskriftens inriktning \u00e4r bred med utg\u00e5ngspunkt i musik- och dansetnologi och omfattar \u00e4ven andra delar av musikvetenskap och dansforskning, folkloristik, litteraturvetenskap och andra kulturvetenskaper.<\/p>\n<p>Den sammanh\u00e5llande id\u00e9n \u00e4r att <em>Puls<\/em> ur ett brett vetenskapligt perspektiv ska belysa musikens och dansens uttryck, roller och funktioner i samh\u00e4llet. <em>Puls<\/em> ambition \u00e4r att vara ett forum f\u00f6r den musik- och dansetnologiska forskningen p\u00e5 olika niv\u00e5er men ocks\u00e5 en arena f\u00f6r diskussion av viktiga fr\u00e5gor inom kulturlivet. Huvuddelen av tidskriften utg\u00f6rs av artiklar, men inneh\u00e5ller ocks\u00e5 recensioner och rapporter inom det vetenskapliga musik- och dansf\u00e4ltet.<\/p>\n<p><em>Puls<\/em> v\u00e4nder sig till s\u00e5v\u00e4l forskare och studenter som ut\u00f6vare inom musik- och dansomr\u00e5det samt till en kulturintresserad allm\u00e4nhet. Tidskriften kan ses som en kommunikativ och vetenskaplig utveckling av Svenskt visarkivs tidigare publikationer, \u00e5rsboken <em>Sumlen<\/em> (1976\u20131999) och den popul\u00e4rvetenskapliga tidskriften <em>Noterat<\/em> (1995\u20132014).<\/p>\n<p><em>Puls<\/em> inneh\u00e5ller artiklar p\u00e5 svenska, danska, norska och engelska. Samtliga artiklar \u00e4r \u201dpeer review\u201d-granskade vilket inneb\u00e4r att de \u00e4r granskade enligt vetenskaplig praxis av tv\u00e5 anonyma och oberoende granskare.<\/p>\n<\/div><\/div><\/div><div id=\"pgc-5571-2-1\"  class=\"panel-grid-cell panel-grid-cell-mobile-last\" ><div id=\"panel-5571-2-1-0\" class=\"so-panel widget widget_headers panel-first-child\" data-index=\"3\" ><div class=\"so-widget-headers so-widget-headers-base\"><h2 id=\"puls-finns-nu-pa-publicera\">Puls finns nu p\u00e5 Publicera<\/h2>\n<\/div><\/div><div id=\"panel-5571-2-1-1\" class=\"so-panel widget widget_black-studio-tinymce widget_black_studio_tinymce panel-last-child\" data-index=\"4\" ><div class=\"textwidget\"><p><em>Puls<\/em> publiceras fr\u00e5n och med nr 9 p\u00e5 Kungliga bibliotekets plattform f\u00f6r vetenskapliga onlinetidskrifter Publicera. D\u00e4r finner du alla instruktioner och information om tidskriften, liksom alla tidigare nummer av <em>Puls<\/em>.<\/p>\n<p><a href=\"https:\/\/publicera.kb.se\/puls\/index\">H\u00e4r hittar du Publicera och alla utgivna nummer av <em>Puls<\/em>.<\/a><\/p>\n<h2>Call for papers till Puls nr 10!<\/h2>\n<p>L\u00e4s om temat f\u00f6r Puls nr 10 och skicka din text genom <a href=\"https:\/\/publicera.kb.se\/puls\/callforpapers_sve\">inl\u00e4mningsfunktionen p\u00e5 Publicera<\/a>.<\/p>\n<p>Senast den 16 augusti 2024 vill vi ha ditt manuskript.<\/p>\n<\/div><\/div><\/div><div id=\"pgc-5571-2-2\"  class=\"panel-grid-cell panel-grid-cell-empty\" ><\/div><\/div><\/div>","protected":false},"excerpt":{"rendered":"<p>Puls \u2013 musik- och dansetnologisk tidskrift Puls \u2013 musik- och dansetnologisk tidskrift \u00e4r en \u00f6ppen elektronisk tidskrift fr\u00e5n Svenskt visarkiv. Tidskriftens inriktning \u00e4r bred med utg\u00e5ngspunkt i musik- och dansetnologi och omfattar \u00e4ven andra delar av musikvetenskap och dansforskning, folkloristik, litteraturvetenskap och andra kulturvetenskaper. Den sammanh\u00e5llande id\u00e9n \u00e4r att Puls ur ett brett vetenskapligt perspektiv [&hellip;]<\/p>\n","protected":false},"author":29,"featured_media":0,"parent":14,"menu_order":0,"comment_status":"open","ping_status":"open","template":"","meta":{"ngg_post_thumbnail":0,"spay_email":""},"categories":[4],"tags":[339],"yoast_head":"<!-- This site is optimized with the Yoast SEO plugin v16.3 - https:\/\/yoast.com\/wordpress\/plugins\/seo\/ -->\n<meta name=\"robots\" content=\"index, follow, max-snippet:-1, max-image-preview:large, max-video-preview:-1\" \/>\n<link rel=\"canonical\" href=\"https:\/\/old.capricemusic.se\/svensktvisarkiv\/publikationer\/puls\/\" \/>\n<meta property=\"og:locale\" content=\"sv_SE\" \/>\n<meta property=\"og:type\" content=\"article\" \/>\n<meta property=\"og:title\" content=\"Puls - Svenskt visarkiv\" \/>\n<meta property=\"og:description\" content=\"Puls \u2013 musik- och dansetnologisk tidskrift Puls \u2013 musik- och dansetnologisk tidskrift \u00e4r en \u00f6ppen elektronisk tidskrift fr\u00e5n Svenskt visarkiv. Tidskriftens inriktning \u00e4r bred med utg\u00e5ngspunkt i musik- och dansetnologi och omfattar \u00e4ven andra delar av musikvetenskap och dansforskning, folkloristik, litteraturvetenskap och andra kulturvetenskaper. Den sammanh\u00e5llande id\u00e9n \u00e4r att Puls ur ett brett vetenskapligt perspektiv [&hellip;]\" \/>\n<meta property=\"og:url\" content=\"https:\/\/old.capricemusic.se\/svensktvisarkiv\/publikationer\/puls\/\" \/>\n<meta property=\"og:site_name\" content=\"Svenskt visarkiv\" \/>\n<meta property=\"article:modified_time\" content=\"2024-03-19T14:48:50+00:00\" \/>\n<meta property=\"og:image\" content=\"https:\/\/old.capricemusic.se\/svensktvisarkiv\/files\/2016\/03\/Puls_logo_web_200px.png\" \/>\n<meta name=\"twitter:label1\" content=\"Ber\u00e4knad l\u00e4stid\">\n\t<meta name=\"twitter:data1\" content=\"2 minuter\">\n<script type=\"application\/ld+json\" class=\"yoast-schema-graph\">{\"@context\":\"https:\/\/schema.org\",\"@graph\":[{\"@type\":\"WebSite\",\"@id\":\"https:\/\/old.capricemusic.se\/svensktvisarkiv\/#website\",\"url\":\"https:\/\/old.capricemusic.se\/svensktvisarkiv\/\",\"name\":\"Svenskt visarkiv\",\"description\":\"Bevarar folkmusik, \\u00e4ldre popul\\u00e4rmusik, jazz och inflyttade musiktraditioner\",\"potentialAction\":[{\"@type\":\"SearchAction\",\"target\":\"https:\/\/old.capricemusic.se\/svensktvisarkiv\/?s={search_term_string}\",\"query-input\":\"required name=search_term_string\"}],\"inLanguage\":\"sv-SE\"},{\"@type\":\"ImageObject\",\"@id\":\"https:\/\/old.capricemusic.se\/svensktvisarkiv\/publikationer\/puls\/#primaryimage\",\"inLanguage\":\"sv-SE\",\"url\":\"https:\/\/old.capricemusic.se\/svensktvisarkiv\/files\/2016\/03\/Puls_logo_web_200px.png\",\"contentUrl\":\"https:\/\/old.capricemusic.se\/svensktvisarkiv\/files\/2016\/03\/Puls_logo_web_200px.png\",\"width\":200,\"height\":200,\"caption\":\"Puls \\u2013 logotype\"},{\"@type\":\"WebPage\",\"@id\":\"https:\/\/old.capricemusic.se\/svensktvisarkiv\/publikationer\/puls\/#webpage\",\"url\":\"https:\/\/old.capricemusic.se\/svensktvisarkiv\/publikationer\/puls\/\",\"name\":\"Puls - Svenskt visarkiv\",\"isPartOf\":{\"@id\":\"https:\/\/old.capricemusic.se\/svensktvisarkiv\/#website\"},\"primaryImageOfPage\":{\"@id\":\"https:\/\/old.capricemusic.se\/svensktvisarkiv\/publikationer\/puls\/#primaryimage\"},\"datePublished\":\"2015-01-26T15:38:48+00:00\",\"dateModified\":\"2024-03-19T14:48:50+00:00\",\"breadcrumb\":{\"@id\":\"https:\/\/old.capricemusic.se\/svensktvisarkiv\/publikationer\/puls\/#breadcrumb\"},\"inLanguage\":\"sv-SE\",\"potentialAction\":[{\"@type\":\"ReadAction\",\"target\":[\"https:\/\/old.capricemusic.se\/svensktvisarkiv\/publikationer\/puls\/\"]}]},{\"@type\":\"BreadcrumbList\",\"@id\":\"https:\/\/old.capricemusic.se\/svensktvisarkiv\/publikationer\/puls\/#breadcrumb\",\"itemListElement\":[{\"@type\":\"ListItem\",\"position\":1,\"item\":{\"@type\":\"WebPage\",\"@id\":\"https:\/\/old.capricemusic.se\/svensktvisarkiv\/\",\"url\":\"https:\/\/old.capricemusic.se\/svensktvisarkiv\/\",\"name\":\"Hem\"}},{\"@type\":\"ListItem\",\"position\":2,\"item\":{\"@type\":\"WebPage\",\"@id\":\"https:\/\/old.capricemusic.se\/svensktvisarkiv\/publikationer\/\",\"url\":\"https:\/\/old.capricemusic.se\/svensktvisarkiv\/publikationer\/\",\"name\":\"Publikationer\"}},{\"@type\":\"ListItem\",\"position\":3,\"item\":{\"@id\":\"https:\/\/old.capricemusic.se\/svensktvisarkiv\/publikationer\/puls\/#webpage\"}}]}]}<\/script>\n<!-- \/ Yoast SEO plugin. -->","jetpack_shortlink":"https:\/\/wp.me\/P2Zwnz-1rR","jetpack_sharing_enabled":true,"_links":{"self":[{"href":"https:\/\/old.capricemusic.se\/svensktvisarkiv\/wp-json\/wp\/v2\/pages\/5571"}],"collection":[{"href":"https:\/\/old.capricemusic.se\/svensktvisarkiv\/wp-json\/wp\/v2\/pages"}],"about":[{"href":"https:\/\/old.capricemusic.se\/svensktvisarkiv\/wp-json\/wp\/v2\/types\/page"}],"author":[{"embeddable":true,"href":"https:\/\/old.capricemusic.se\/svensktvisarkiv\/wp-json\/wp\/v2\/users\/29"}],"replies":[{"embeddable":true,"href":"https:\/\/old.capricemusic.se\/svensktvisarkiv\/wp-json\/wp\/v2\/comments?post=5571"}],"version-history":[{"count":0,"href":"https:\/\/old.capricemusic.se\/svensktvisarkiv\/wp-json\/wp\/v2\/pages\/5571\/revisions"}],"up":[{"embeddable":true,"href":"https:\/\/old.capricemusic.se\/svensktvisarkiv\/wp-json\/wp\/v2\/pages\/14"}],"wp:attachment":[{"href":"https:\/\/old.capricemusic.se\/svensktvisarkiv\/wp-json\/wp\/v2\/media?parent=5571"}],"wp:term":[{"taxonomy":"category","embeddable":true,"href":"https:\/\/old.capricemusic.se\/svensktvisarkiv\/wp-json\/wp\/v2\/categories?post=5571"},{"taxonomy":"post_tag","embeddable":true,"href":"https:\/\/old.capricemusic.se\/svensktvisarkiv\/wp-json\/wp\/v2\/tags?post=5571"}],"curies":[{"name":"wp","href":"https:\/\/api.w.org\/{rel}","templated":true}]}}