{"id":11122,"date":"2023-11-27T13:27:29","date_gmt":"2023-11-27T12:27:29","guid":{"rendered":"https:\/\/old.capricemusic.se\/svensktvisarkiv\/?page_id=11122"},"modified":"2024-10-24T15:29:38","modified_gmt":"2024-10-24T13:29:38","slug":"press","status":"publish","type":"page","link":"https:\/\/old.capricemusic.se\/svensktvisarkiv\/press\/","title":{"rendered":"Press"},"content":{"rendered":"<div id=\"pl-11122\"  class=\"panel-layout\" ><div id=\"pg-11122-0\"  class=\"panel-grid panel-no-style\" ><div id=\"pgc-11122-0-0\"  class=\"panel-grid-cell\" ><div id=\"panel-11122-0-0-0\" class=\"so-panel widget widget_headers panel-first-child panel-last-child\" data-index=\"0\" ><div class=\"so-widget-headers so-widget-headers-base\"><h1 id=\"press\">Press<\/h1>\n<\/div><\/div><\/div><\/div><div id=\"pg-11122-1\"  class=\"panel-grid panel-no-style\" ><div id=\"pgc-11122-1-0\"  class=\"panel-grid-cell\" ><div id=\"panel-11122-1-0-0\" class=\"so-panel widget widget_black-studio-tinymce widget_black_studio_tinymce panel-first-child panel-last-child\" data-index=\"1\" ><div class=\"textwidget\"><h2>Presskontakt<\/h2>\n<p>Karin Algvik<br \/>\nKommunikationschef<br \/>\nTel:&nbsp;<a href=\"tel:070-832 42 14\">070-832 42 14<\/a><br \/>\n<a href=\"mailto:karin.algvik@musikverket.se\">karin.algvik@statensmusikverk.se<\/a><\/p>\n<p>Karin Strand<br \/>\nChef Svenskt visarkiv<br \/>\nTel: <a href=\"tel:0851955420\">08-519 554 20<\/a><br \/>\n<a href=\"mailto:karin.strand@svensktvisarkiv.se\">karin.strand@svensktvisarkiv.se<\/a><\/p>\n<p><a href=\"https:\/\/old.capricemusic.se\/svensktvisarkiv\/files\/2023\/11\/Karin-Strand-pressbild-1-farg.jpg\"><img class=\"alignnone size-medium wp-image-11123\" src=\"https:\/\/old.capricemusic.se\/svensktvisarkiv\/files\/2023\/11\/Karin-Strand-pressbild-1-farg-300x200.jpg\" alt=\"\" width=\"300\" height=\"200\"><\/a><\/p>\n<p>Karin Strand, chef Svenskt visarkiv. Foto: Jonas Andr\u00e9\/Statens musikverk.<\/p>\n<p>Kontakta oss g\u00e4rna f\u00f6r fler pressbilder.<\/p>\n<\/div><\/div><\/div><div id=\"pgc-11122-1-1\"  class=\"panel-grid-cell\" ><div id=\"panel-11122-1-1-0\" class=\"so-panel widget widget_black-studio-tinymce widget_black_studio_tinymce panel-first-child panel-last-child\" data-index=\"2\" ><div class=\"textwidget\"><h2>Logotyp<\/h2>\n<p>H\u00e4r kan du ladda ner Svenskt visarkivs logotyp.<\/p>\n<p>Logotyperna finns tillg\u00e4ngliga i ett tv\u00e5 olika f\u00e4rgformat: CMYK (f\u00f6r tryck) och RGB (f\u00f6r sk\u00e4rm) och finns i filformaten EPS (CMYK och RGB) och PNG (endast RGB). Logotypen finns i en positiv version, f\u00f6r anv\u00e4ndning mot ljus bakgrund, och i en negativ, f\u00f6r anv\u00e4ndning mot m\u00f6rk bakgrund.<\/p>\n<p><a href=\"https:\/\/old.capricemusic.se\/svensktvisarkiv\/files\/2023\/11\/Logotyp-Svenskt-visarkiv.zip\">Ladda ner Svenskt visarkivs logotyp<\/a><\/p>\n<p>OBS! Filerna \u00e4r komprimerade i Zip-format och kommer beh\u00f6vas packas upp efter nedladdning.<\/p>\n<h3>S\u00e5 anv\u00e4nder du logotypen<\/h3>\n<p><strong>Frizon<\/strong><\/p>\n<p><a href=\"https:\/\/old.capricemusic.se\/svensktvisarkiv\/files\/2023\/11\/SVA-frizon-1.png\"><img class=\"alignnone size-medium wp-image-11165\" src=\"https:\/\/old.capricemusic.se\/svensktvisarkiv\/files\/2023\/11\/SVA-frizon-1-300x144.png\" alt=\"\" width=\"300\" height=\"144\"><\/a><\/p>\n<p>Logotypen har en frizon d\u00e4r inga andra texter, bilder eller element f\u00e5r placeras. Frizonen anger ocks\u00e5 minsta till\u00e5tna avst\u00e5nd till en sidkant i en trycksak, annons eller p\u00e5 en webbsida.<\/p>\n<p>Frizonen baseras p\u00e5 bokst\u00e4vernas h\u00f6jd (versalh\u00f6jd), ett s\u00e5 kallat x-m\u00e5tt, som alltid \u00e4r proportionerligt i relation till logotypens storlek. Frizonen utg\u00f6rs av ett x.<\/p>\n<p>Frizonen ska vara densamma p\u00e5 samtliga ytor runt om logotypen och samma m\u00e5tt g\u00e4ller alla versioner och uppst\u00e4llningar av logotypen.<\/p>\n<p><strong>Minsta storlek<\/strong><\/p>\n<p><a href=\"https:\/\/old.capricemusic.se\/svensktvisarkiv\/files\/2023\/11\/SVA-minsta-mm.png\"><img class=\"alignnone size-medium wp-image-11137\" src=\"https:\/\/old.capricemusic.se\/svensktvisarkiv\/files\/2023\/11\/SVA-minsta-mm-300x66.png\" alt=\"\" width=\"300\" height=\"66\"><\/a><\/p>\n<p><a href=\"https:\/\/old.capricemusic.se\/svensktvisarkiv\/files\/2023\/11\/SVA-minsta-px.png\"><img class=\"alignnone size-medium wp-image-11144\" src=\"https:\/\/old.capricemusic.se\/svensktvisarkiv\/files\/2023\/11\/SVA-minsta-px-300x70.png\" alt=\"\" width=\"300\" height=\"70\"><\/a><\/p>\n<p><a href=\"https:\/\/old.capricemusic.se\/svensktvisarkiv\/files\/2023\/11\/SVA-x-matt.png\"><img class=\"alignnone size-medium wp-image-11151\" src=\"https:\/\/old.capricemusic.se\/svensktvisarkiv\/files\/2023\/11\/SVA-x-matt-300x100.png\" alt=\"\" width=\"300\" height=\"100\"><\/a><\/p>\n<p>F\u00f6r att logotypen ska uppfattas tydligt \u00e4ven i sm\u00e5 storlekar har vi en rekommenderad minsta storlek p\u00e5 10 mm h\u00f6jd f\u00f6r trycktill\u00e4mpningar och 30 pixlar h\u00f6jd f\u00f6r digitala till\u00e4mpningar.<\/p>\n<p>Om du har \u00f6vriga fr\u00e5gor om logotypens anv\u00e4ndning eller beh\u00f6ver den i ett annat filformat kan du kontakta Jonas Andr\u00e9, 08-519 554 71.<\/p>\n<\/div><\/div><\/div><\/div><\/div>","protected":false},"excerpt":{"rendered":"<p>Presskontakt Karin Algvik Kommunikationschef Tel:&nbsp;070-832 42 14 karin.algvik@statensmusikverk.se Karin Strand Chef Svenskt visarkiv Tel: 08-519 554 20 karin.strand@svensktvisarkiv.se Karin Strand, chef Svenskt visarkiv. Foto: Jonas Andr\u00e9\/Statens musikverk. Kontakta oss g\u00e4rna f\u00f6r fler pressbilder. Logotyp H\u00e4r kan du ladda ner Svenskt visarkivs logotyp. Logotyperna finns tillg\u00e4ngliga i ett tv\u00e5 olika f\u00e4rgformat: CMYK (f\u00f6r tryck) och RGB [&hellip;]<\/p>\n","protected":false},"author":70,"featured_media":0,"parent":0,"menu_order":0,"comment_status":"closed","ping_status":"closed","template":"","meta":{"ngg_post_thumbnail":0,"spay_email":""},"categories":[],"tags":[],"yoast_head":"<!-- This site is optimized with the Yoast SEO plugin v16.3 - https:\/\/yoast.com\/wordpress\/plugins\/seo\/ -->\n<meta name=\"robots\" content=\"index, follow, max-snippet:-1, max-image-preview:large, max-video-preview:-1\" \/>\n<link rel=\"canonical\" href=\"https:\/\/old.capricemusic.se\/svensktvisarkiv\/press\/\" \/>\n<meta property=\"og:locale\" content=\"sv_SE\" \/>\n<meta property=\"og:type\" content=\"article\" \/>\n<meta property=\"og:title\" content=\"Press - Svenskt visarkiv\" \/>\n<meta property=\"og:description\" content=\"Presskontakt Karin Algvik Kommunikationschef Tel:&nbsp;070-832 42 14 karin.algvik@statensmusikverk.se Karin Strand Chef Svenskt visarkiv Tel: 08-519 554 20 karin.strand@svensktvisarkiv.se Karin Strand, chef Svenskt visarkiv. Foto: Jonas Andr\u00e9\/Statens musikverk. Kontakta oss g\u00e4rna f\u00f6r fler pressbilder. Logotyp H\u00e4r kan du ladda ner Svenskt visarkivs logotyp. Logotyperna finns tillg\u00e4ngliga i ett tv\u00e5 olika f\u00e4rgformat: CMYK (f\u00f6r tryck) och RGB [&hellip;]\" \/>\n<meta property=\"og:url\" content=\"https:\/\/old.capricemusic.se\/svensktvisarkiv\/press\/\" \/>\n<meta property=\"og:site_name\" content=\"Svenskt visarkiv\" \/>\n<meta property=\"article:modified_time\" content=\"2024-10-24T13:29:38+00:00\" \/>\n<meta property=\"og:image\" content=\"https:\/\/old.capricemusic.se\/svensktvisarkiv\/files\/2023\/11\/Karin-Strand-pressbild-1-farg-300x200.jpg\" \/>\n<meta name=\"twitter:label1\" content=\"Ber\u00e4knad l\u00e4stid\">\n\t<meta name=\"twitter:data1\" content=\"3 minuter\">\n<script type=\"application\/ld+json\" class=\"yoast-schema-graph\">{\"@context\":\"https:\/\/schema.org\",\"@graph\":[{\"@type\":\"WebSite\",\"@id\":\"https:\/\/old.capricemusic.se\/svensktvisarkiv\/#website\",\"url\":\"https:\/\/old.capricemusic.se\/svensktvisarkiv\/\",\"name\":\"Svenskt visarkiv\",\"description\":\"Bevarar folkmusik, \\u00e4ldre popul\\u00e4rmusik, jazz och inflyttade musiktraditioner\",\"potentialAction\":[{\"@type\":\"SearchAction\",\"target\":\"https:\/\/old.capricemusic.se\/svensktvisarkiv\/?s={search_term_string}\",\"query-input\":\"required name=search_term_string\"}],\"inLanguage\":\"sv-SE\"},{\"@type\":\"ImageObject\",\"@id\":\"https:\/\/old.capricemusic.se\/svensktvisarkiv\/press\/#primaryimage\",\"inLanguage\":\"sv-SE\",\"url\":\"https:\/\/old.capricemusic.se\/svensktvisarkiv\/files\/2023\/11\/Karin-Strand-pressbild-1-farg.jpg\",\"contentUrl\":\"https:\/\/old.capricemusic.se\/svensktvisarkiv\/files\/2023\/11\/Karin-Strand-pressbild-1-farg.jpg\",\"width\":2501,\"height\":1668},{\"@type\":\"WebPage\",\"@id\":\"https:\/\/old.capricemusic.se\/svensktvisarkiv\/press\/#webpage\",\"url\":\"https:\/\/old.capricemusic.se\/svensktvisarkiv\/press\/\",\"name\":\"Press - Svenskt visarkiv\",\"isPartOf\":{\"@id\":\"https:\/\/old.capricemusic.se\/svensktvisarkiv\/#website\"},\"primaryImageOfPage\":{\"@id\":\"https:\/\/old.capricemusic.se\/svensktvisarkiv\/press\/#primaryimage\"},\"datePublished\":\"2023-11-27T12:27:29+00:00\",\"dateModified\":\"2024-10-24T13:29:38+00:00\",\"breadcrumb\":{\"@id\":\"https:\/\/old.capricemusic.se\/svensktvisarkiv\/press\/#breadcrumb\"},\"inLanguage\":\"sv-SE\",\"potentialAction\":[{\"@type\":\"ReadAction\",\"target\":[\"https:\/\/old.capricemusic.se\/svensktvisarkiv\/press\/\"]}]},{\"@type\":\"BreadcrumbList\",\"@id\":\"https:\/\/old.capricemusic.se\/svensktvisarkiv\/press\/#breadcrumb\",\"itemListElement\":[{\"@type\":\"ListItem\",\"position\":1,\"item\":{\"@type\":\"WebPage\",\"@id\":\"https:\/\/old.capricemusic.se\/svensktvisarkiv\/\",\"url\":\"https:\/\/old.capricemusic.se\/svensktvisarkiv\/\",\"name\":\"Hem\"}},{\"@type\":\"ListItem\",\"position\":2,\"item\":{\"@id\":\"https:\/\/old.capricemusic.se\/svensktvisarkiv\/press\/#webpage\"}}]}]}<\/script>\n<!-- \/ Yoast SEO plugin. -->","jetpack_shortlink":"https:\/\/wp.me\/P2Zwnz-2To","jetpack_sharing_enabled":true,"_links":{"self":[{"href":"https:\/\/old.capricemusic.se\/svensktvisarkiv\/wp-json\/wp\/v2\/pages\/11122"}],"collection":[{"href":"https:\/\/old.capricemusic.se\/svensktvisarkiv\/wp-json\/wp\/v2\/pages"}],"about":[{"href":"https:\/\/old.capricemusic.se\/svensktvisarkiv\/wp-json\/wp\/v2\/types\/page"}],"author":[{"embeddable":true,"href":"https:\/\/old.capricemusic.se\/svensktvisarkiv\/wp-json\/wp\/v2\/users\/70"}],"replies":[{"embeddable":true,"href":"https:\/\/old.capricemusic.se\/svensktvisarkiv\/wp-json\/wp\/v2\/comments?post=11122"}],"version-history":[{"count":0,"href":"https:\/\/old.capricemusic.se\/svensktvisarkiv\/wp-json\/wp\/v2\/pages\/11122\/revisions"}],"wp:attachment":[{"href":"https:\/\/old.capricemusic.se\/svensktvisarkiv\/wp-json\/wp\/v2\/media?parent=11122"}],"wp:term":[{"taxonomy":"category","embeddable":true,"href":"https:\/\/old.capricemusic.se\/svensktvisarkiv\/wp-json\/wp\/v2\/categories?post=11122"},{"taxonomy":"post_tag","embeddable":true,"href":"https:\/\/old.capricemusic.se\/svensktvisarkiv\/wp-json\/wp\/v2\/tags?post=11122"}],"curies":[{"name":"wp","href":"https:\/\/api.w.org\/{rel}","templated":true}]}}