{"id":11109,"date":"2023-11-27T10:49:01","date_gmt":"2023-11-27T09:49:01","guid":{"rendered":"https:\/\/old.capricemusic.se\/svensktvisarkiv\/?page_id=11109"},"modified":"2024-10-11T15:39:19","modified_gmt":"2024-10-11T13:39:19","slug":"kontakt-2","status":"publish","type":"page","link":"https:\/\/old.capricemusic.se\/svensktvisarkiv\/kontakt-2\/","title":{"rendered":"Kontakt"},"content":{"rendered":"<div id=\"pl-11109\"  class=\"panel-layout\" ><div id=\"pg-11109-0\"  class=\"panel-grid panel-no-style\" ><div id=\"pgc-11109-0-0\"  class=\"panel-grid-cell\" ><div id=\"panel-11109-0-0-0\" class=\"so-panel widget widget_headers panel-first-child panel-last-child\" data-index=\"0\" ><div class=\"so-widget-headers so-widget-headers-base\"><h1 id=\"kontakta-svenskt-visarkiv\">Kontakta Svenskt visarkiv<\/h1>\n<\/div><\/div><\/div><\/div><div id=\"pg-11109-1\"  class=\"panel-grid panel-no-style\" ><div id=\"pgc-11109-1-0\"  class=\"panel-grid-cell\" ><div id=\"panel-11109-1-0-0\" class=\"so-panel widget widget_black-studio-tinymce widget_black_studio_tinymce panel-first-child panel-last-child\" data-index=\"1\" ><div class=\"textwidget\"><p><a title=\"Bes\u00f6k Visarkivet\" href=\"\/svensktvisarkiv\/besok-visarkivet\/\">\u00d6ppettider och bes\u00f6ksadress<\/a><\/p>\n<p><em>Expeditionen<\/em><br \/>\n<a title=\"info@svensktvisarkiv.se\" href=\"mailto:info@svensktvisarkiv.se\">info@svensktvisarkiv.se<\/a><br \/>\n<a href=\"tel:0851955488\">08-519 554 88<\/a><\/p>\n<\/div><\/div><\/div><div id=\"pgc-11109-1-1\"  class=\"panel-grid-cell panel-grid-cell-empty\" ><\/div><div id=\"pgc-11109-1-2\"  class=\"panel-grid-cell panel-grid-cell-empty panel-grid-cell-mobile-last\" ><\/div><div id=\"pgc-11109-1-3\"  class=\"panel-grid-cell panel-grid-cell-empty\" ><\/div><\/div><div id=\"pg-11109-2\"  class=\"panel-grid panel-no-style\" ><div id=\"pgc-11109-2-0\"  class=\"panel-grid-cell\" ><div id=\"panel-11109-2-0-0\" class=\"so-panel widget widget_black-studio-tinymce widget_black_studio_tinymce panel-first-child panel-last-child\" data-index=\"2\" ><div class=\"textwidget\"><div id=\"panel-6620-2-0-0\" class=\"so-panel widget widget_headers panel-first-child\" data-index=\"6\">\n<div class=\"so-widget-headers so-widget-headers-base\">\n<h2 id=\"musikverkets-medarbetare\">Svenskt visarkivs medarbetare<\/h2>\n<\/div>\n<\/div>\n<div id=\"panel-6620-2-0-1\" class=\"so-panel widget widget_black-studio-tinymce widget_black_studio_tinymce panel-last-child\" data-index=\"7\">\n<div class=\"textwidget\">\n<p>E-postadresserna till medarbetarna f\u00f6ljer denna form:&nbsp;<strong>fornamn.efternamn@svensktvisarkiv.se<br \/>\n<\/strong>Punkt anv\u00e4nds mellan dubbla efternamn. \u00c5, \u00c4, \u00d6 anv\u00e4nds ej.<\/div>\n<\/div>\n<\/div><\/div><\/div><\/div><div id=\"pg-11109-3\"  class=\"panel-grid panel-no-style\" ><div id=\"pgc-11109-3-0\"  class=\"panel-grid-cell\" ><div id=\"panel-11109-3-0-0\" class=\"so-panel widget widget_black-studio-tinymce widget_black_studio_tinymce panel-first-child\" data-index=\"3\" ><div class=\"textwidget\"><p><em>Arkivchef&nbsp;<br \/>\n<\/em>Karin Strand<br \/>\n<\/a><a href=\"tel:0851955420\">08-519 554 20<\/a><\/p>\n<\/div><\/div><div id=\"panel-11109-3-0-1\" class=\"so-panel widget widget_black-studio-tinymce widget_black_studio_tinymce\" data-index=\"4\" ><div class=\"textwidget\"><p><em>Forskningsarkivarie<br \/>\n<\/em><a class=\"tooltip\" title=\"Forskningsarkivarie med improvisationsmusik som specialomr\u00e5de.\" href=\"#\">J\u00f6rgen Adolfsson<\/a><br \/>\n<a href=\"tel:0851955443\">08-519 554 43<\/a><\/p>\n<\/div><\/div><div id=\"panel-11109-3-0-2\" class=\"so-panel widget widget_black-studio-tinymce widget_black_studio_tinymce\" data-index=\"5\" ><div class=\"textwidget\"><p><em>Forskningsarkivarie<br \/>\n<\/em><a class=\"tooltip\" title=\"Forskningsarkivarie med inriktning p\u00e5 modernare jazz. Ansvarig f\u00f6r fotosamlingarna. Kontaktpersion f\u00f6r studiebes\u00f6k.\" href=\"#\">Roger Bergner<\/a><br \/>\n<a href=\"tel:0851955499\">08-519 554 99<\/a><\/p>\n<\/div><\/div><div id=\"panel-11109-3-0-3\" class=\"so-panel widget widget_black-studio-tinymce widget_black_studio_tinymce panel-last-child\" data-index=\"6\" ><div class=\"textwidget\"><p><em>Forskningsarkivarie<br \/>\n<\/em><a class=\"tooltip\" title=\"Forskningsarkivarie med dans som specialomr\u00e5de. Ansvarig f\u00f6r dansdokumentation och Arkivet f\u00f6r folklig dans.\" href=\"#\">Anna Bj\u00f6rk<\/a><br \/>\n<a href=\"tel:0851955478\">08-519 554 78<\/a><\/p>\n<\/div><\/div><\/div><div id=\"pgc-11109-3-1\"  class=\"panel-grid-cell\" ><div id=\"panel-11109-3-1-0\" class=\"so-panel widget widget_black-studio-tinymce widget_black_studio_tinymce panel-first-child\" data-index=\"7\" ><div class=\"textwidget\"><p><em>Arkivassistent\/ljudmigrering<\/em><br \/>\n<a class=\"tooltip\" title=\"Arkivassistent\/ljudmigrering\" href=\"#\">Jonas Broberg<\/a><br \/>\n<a href=\"tel:0851955465\">08 519 554 65<\/a><\/p>\n<\/div><\/div><div id=\"panel-11109-3-1-1\" class=\"so-panel widget widget_black-studio-tinymce widget_black_studio_tinymce\" data-index=\"8\" ><div class=\"textwidget\"><p><em>Databasansvarig<\/em><br \/>\n<a class=\"tooltip\" title=\"Databasansvarig. Musiketnolog.\" href=\"#\">Lena Drake<\/a><br \/>\n<a href=\"tel:08-519 554 38\">08-519 554 38<\/a><\/p>\n<\/div><\/div><div id=\"panel-11109-3-1-2\" class=\"so-panel widget widget_black-studio-tinymce widget_black_studio_tinymce\" data-index=\"9\" ><div class=\"textwidget\"><p><em>Digitaliseringsassistent<br \/>\n<\/em>Sofia Wadenberg<br \/>\n<a href=\"tel:0851955484\">08-519 554 84<\/a><\/p>\n<\/div><\/div><div id=\"panel-11109-3-1-3\" class=\"so-panel widget widget_black-studio-tinymce widget_black_studio_tinymce panel-last-child\" data-index=\"10\" ><div class=\"textwidget\"><p><em>Forskningsarkivarie<\/em><br \/>\n<a class=\"tooltip\" title=\"Forskningsarkivarie med vokal och instrumental folkmusik som specialomr\u00e5de. Musikvetare. Huvudredakt\u00f6r f\u00f6r tidskriften Puls.\" href=\"#\">Madeleine Modin<\/a><br \/>\n<a title=\"\" href=\"tel:0851955419\">08-519 554 19<\/a><\/p>\n<\/div><\/div><\/div><div id=\"pgc-11109-3-2\"  class=\"panel-grid-cell\" ><div id=\"panel-11109-3-2-0\" class=\"so-panel widget widget_black-studio-tinymce widget_black_studio_tinymce panel-first-child\" data-index=\"11\" ><div class=\"textwidget\"><p><em>Forskningssamordnare<\/em><br \/>\n<a class=\"tooltip\" title=\"Forskningsarkivarie med inriktning mot popul\u00e4rmusik. Etnolog med fokus p\u00e5 popul\u00e4rmusik, n\u00e4tverk och kulturellt minne. Ansvarig f\u00f6r Visarkivets referensbibliotek.\" href=\"#\">Sverker Hylt\u00e9n-Cavallius<\/a><br \/>\n<a href=\"tel:0851955439\">08-519 554 39<\/a><\/p>\n<\/div><\/div><div id=\"panel-11109-3-2-1\" class=\"so-panel widget widget_black-studio-tinymce widget_black_studio_tinymce\" data-index=\"12\" ><div class=\"textwidget\"><p><em>Digitaliseringsansvarig<br \/>\n<\/em><a class=\"tooltip\" title=\"Digitalisering\" href=\"#\">David Jansson<\/a><br \/>\n<a href=\"tel:0851955423\">08-519 554 23<\/a><\/p>\n<\/div><\/div><div id=\"panel-11109-3-2-2\" class=\"so-panel widget widget_black-studio-tinymce widget_black_studio_tinymce\" data-index=\"13\" ><div class=\"textwidget\"><p><em>Enhetschef, enheten f\u00f6r ljud och r\u00f6rlig bild <\/em><br \/>\n<a class=\"tooltip\" title=\"Forskningsarkivarie. Musiketnolog med instrumental folkmusik och dragspelsmusik som specialomr\u00e5den. Ansvarig f\u00f6r ljud- och videosamlingarna samt dokumentation.\" href=\"#\">Wictor Johansson<\/a><br \/>\n<a href=\"tel:0851956709\">08-519 567 09<\/a><\/p>\n<\/div><\/div><div id=\"panel-11109-3-2-3\" class=\"so-panel widget widget_black-studio-tinymce widget_black_studio_tinymce panel-last-child\" data-index=\"14\" ><div class=\"textwidget\"><p><em>Digitaliseringsassistent<\/em><br \/>\n<a class=\"tooltip\" title=\"Digitaliseringsassistent\" href=\"#\">Evelina Rasmussen-Taengh<\/a><br \/>\n<a href=\"tel:0851955462\">08-519 554 62<\/a><\/p>\n<\/div><\/div><\/div><div id=\"pgc-11109-3-3\"  class=\"panel-grid-cell\" ><div id=\"panel-11109-3-3-0\" class=\"so-panel widget widget_black-studio-tinymce widget_black_studio_tinymce panel-first-child\" data-index=\"15\" ><div class=\"textwidget\"><p><em>Arkivassistent\/ljudmigrering<\/em><br \/>\n<a class=\"tooltip\" title=\"Arkivassistent. Ansvarig f\u00f6r ljudmigrering.\" href=\"#\">Jan Ljungberg<\/a><br \/>\n<a href=\"tel:0851955489\">08-519 554 89<\/a><\/p>\n<\/div><\/div><div id=\"panel-11109-3-3-1\" class=\"so-panel widget widget_black-studio-tinymce widget_black_studio_tinymce\" data-index=\"16\" ><div class=\"textwidget\"><p><em>Ljudtekniker<\/em><br \/>\n<a class=\"tooltip\" title=\"Ljudtekniker.\" href=\"#\">Mats Lundell<\/a><br \/>\n<a href=\"tel:0851955463\">08-519 554 63<\/a><\/p>\n<\/div><\/div><div id=\"panel-11109-3-3-2\" class=\"so-panel widget widget_black-studio-tinymce widget_black_studio_tinymce panel-last-child\" data-index=\"17\" ><div class=\"textwidget\"><p><em>Arkivassistent<\/em><br \/>\n<a class=\"tooltip\" title=\"Arkivassistent.\" href=\"#\">Pelle Westlin<\/a><br \/>\n<a href=\"tel:0851955444\">08 519 554 44<\/a><\/p>\n<\/div><\/div><\/div><\/div><div id=\"pg-11109-4\"  class=\"panel-grid panel-no-style\" ><div id=\"pgc-11109-4-0\"  class=\"panel-grid-cell panel-grid-cell-mobile-last\" ><div id=\"panel-11109-4-0-0\" class=\"so-panel widget widget_black-studio-tinymce widget_black_studio_tinymce panel-first-child panel-last-child\" data-index=\"18\" ><div class=\"textwidget\"><h2>Fakturaadress<\/h2>\n<p>Musik- och teaterbiblioteket tar i f\u00f6rsta hand emot e-faktura via PEPPOL: 0007:2021003666<br \/>\nF\u00f6r mer information, kontakta <a title=\"\" href=\"mailto:ekonomi@statensmusikverk.se\">ekonomi@statensmusikverk.se<\/a><\/p>\n<p>Org.nr: 202100-3666<br \/>\nVAT-nr: SE202100-366601<br \/>\nGLN-nr: 734 009 321 320 2<\/p>\n<\/div><\/div><\/div><div id=\"pgc-11109-4-1\"  class=\"panel-grid-cell panel-grid-cell-empty\" ><\/div><\/div><div id=\"pg-11109-5\"  class=\"panel-grid panel-no-style\" ><div id=\"pgc-11109-5-0\"  class=\"panel-grid-cell panel-grid-cell-mobile-last\" ><div id=\"panel-11109-5-0-0\" class=\"so-panel widget widget_headers panel-first-child panel-last-child\" data-index=\"19\" ><div class=\"so-widget-headers so-widget-headers-base\"><h2 id=\"en-del-av-statens-musikverk\">En del av Statens musikverk<\/h2>\n<\/div><\/div><\/div><div id=\"pgc-11109-5-1\"  class=\"panel-grid-cell panel-grid-cell-empty\" ><\/div><\/div><div id=\"pg-11109-6\"  class=\"panel-grid panel-no-style\" ><div id=\"pgc-11109-6-0\"  class=\"panel-grid-cell\" ><div id=\"panel-11109-6-0-0\" class=\"so-panel widget widget_black-studio-tinymce widget_black_studio_tinymce panel-first-child panel-last-child\" data-index=\"20\" ><div class=\"textwidget\"><p><em>Registrator<br \/>\n<\/em>\u00c4renden kring allm\u00e4n handling och rapport om oegentlighet i enlighet med visselbl\u00e5sarlagen.<br \/>\n<a title=\"registrator@musikverket.se\" href=\"mailto:registrator@statensmusikverk.se\" target=\"_blank\" rel=\"noopener\">registrator@statensmusikverk.se<\/a><\/p>\n<\/div><\/div><\/div><div id=\"pgc-11109-6-1\"  class=\"panel-grid-cell\" ><div id=\"panel-11109-6-1-0\" class=\"so-panel widget widget_black-studio-tinymce widget_black_studio_tinymce panel-first-child panel-last-child\" data-index=\"21\" ><div class=\"textwidget\"><p><em>Adress<br \/>\n<\/em>Box 16326<br \/>\n103 26 Stockholm<\/p>\n<\/div><\/div><\/div><div id=\"pgc-11109-6-2\"  class=\"panel-grid-cell panel-grid-cell-mobile-last\" ><div id=\"panel-11109-6-2-0\" class=\"so-panel widget widget_black-studio-tinymce widget_black_studio_tinymce panel-first-child panel-last-child\" data-index=\"22\" ><div class=\"textwidget\"><p><a title=\"S\u00e5 behandlar Musikverket personuppgifter\" href=\"\/artikel\/sa-behandlar-musikverket-personuppgifter\/\">S\u00e5 behandlar Statens musikverk personuppgifter<\/a><br \/>\n<a title=\"\" href=\"mailto:dataskydd@statensmusikverk.se\">dataskydd@statensmusikverk.se<\/a><\/p>\n<\/div><\/div><\/div><div id=\"pgc-11109-6-3\"  class=\"panel-grid-cell panel-grid-cell-empty\" ><\/div><\/div><\/div>","protected":false},"excerpt":{"rendered":"<p>\u00d6ppettider och bes\u00f6ksadress Expeditionen info@svensktvisarkiv.se 08-519 554 88<\/p>\n","protected":false},"author":70,"featured_media":0,"parent":0,"menu_order":0,"comment_status":"closed","ping_status":"closed","template":"","meta":{"ngg_post_thumbnail":0,"spay_email":""},"categories":[],"tags":[],"yoast_head":"<!-- This site is optimized with the Yoast SEO plugin v16.3 - https:\/\/yoast.com\/wordpress\/plugins\/seo\/ -->\n<meta name=\"robots\" content=\"index, follow, max-snippet:-1, max-image-preview:large, max-video-preview:-1\" \/>\n<link rel=\"canonical\" href=\"https:\/\/old.capricemusic.se\/svensktvisarkiv\/kontakt-2\/\" \/>\n<meta property=\"og:locale\" content=\"sv_SE\" \/>\n<meta property=\"og:type\" content=\"article\" \/>\n<meta property=\"og:title\" content=\"Kontakt - Svenskt visarkiv\" \/>\n<meta property=\"og:description\" content=\"\u00d6ppettider och bes\u00f6ksadress Expeditionen info@svensktvisarkiv.se 08-519 554 88\" \/>\n<meta property=\"og:url\" content=\"https:\/\/old.capricemusic.se\/svensktvisarkiv\/kontakt-2\/\" \/>\n<meta property=\"og:site_name\" content=\"Svenskt visarkiv\" \/>\n<meta property=\"article:modified_time\" content=\"2024-10-11T13:39:19+00:00\" \/>\n<meta name=\"twitter:label1\" content=\"Ber\u00e4knad l\u00e4stid\">\n\t<meta name=\"twitter:data1\" content=\"1 minut\">\n<script type=\"application\/ld+json\" class=\"yoast-schema-graph\">{\"@context\":\"https:\/\/schema.org\",\"@graph\":[{\"@type\":\"WebSite\",\"@id\":\"https:\/\/old.capricemusic.se\/svensktvisarkiv\/#website\",\"url\":\"https:\/\/old.capricemusic.se\/svensktvisarkiv\/\",\"name\":\"Svenskt visarkiv\",\"description\":\"Bevarar folkmusik, \\u00e4ldre popul\\u00e4rmusik, jazz och inflyttade musiktraditioner\",\"potentialAction\":[{\"@type\":\"SearchAction\",\"target\":\"https:\/\/old.capricemusic.se\/svensktvisarkiv\/?s={search_term_string}\",\"query-input\":\"required name=search_term_string\"}],\"inLanguage\":\"sv-SE\"},{\"@type\":\"WebPage\",\"@id\":\"https:\/\/old.capricemusic.se\/svensktvisarkiv\/kontakt-2\/#webpage\",\"url\":\"https:\/\/old.capricemusic.se\/svensktvisarkiv\/kontakt-2\/\",\"name\":\"Kontakt - Svenskt visarkiv\",\"isPartOf\":{\"@id\":\"https:\/\/old.capricemusic.se\/svensktvisarkiv\/#website\"},\"datePublished\":\"2023-11-27T09:49:01+00:00\",\"dateModified\":\"2024-10-11T13:39:19+00:00\",\"breadcrumb\":{\"@id\":\"https:\/\/old.capricemusic.se\/svensktvisarkiv\/kontakt-2\/#breadcrumb\"},\"inLanguage\":\"sv-SE\",\"potentialAction\":[{\"@type\":\"ReadAction\",\"target\":[\"https:\/\/old.capricemusic.se\/svensktvisarkiv\/kontakt-2\/\"]}]},{\"@type\":\"BreadcrumbList\",\"@id\":\"https:\/\/old.capricemusic.se\/svensktvisarkiv\/kontakt-2\/#breadcrumb\",\"itemListElement\":[{\"@type\":\"ListItem\",\"position\":1,\"item\":{\"@type\":\"WebPage\",\"@id\":\"https:\/\/old.capricemusic.se\/svensktvisarkiv\/\",\"url\":\"https:\/\/old.capricemusic.se\/svensktvisarkiv\/\",\"name\":\"Hem\"}},{\"@type\":\"ListItem\",\"position\":2,\"item\":{\"@id\":\"https:\/\/old.capricemusic.se\/svensktvisarkiv\/kontakt-2\/#webpage\"}}]}]}<\/script>\n<!-- \/ Yoast SEO plugin. -->","jetpack_shortlink":"https:\/\/wp.me\/P2Zwnz-2Tb","jetpack_sharing_enabled":true,"_links":{"self":[{"href":"https:\/\/old.capricemusic.se\/svensktvisarkiv\/wp-json\/wp\/v2\/pages\/11109"}],"collection":[{"href":"https:\/\/old.capricemusic.se\/svensktvisarkiv\/wp-json\/wp\/v2\/pages"}],"about":[{"href":"https:\/\/old.capricemusic.se\/svensktvisarkiv\/wp-json\/wp\/v2\/types\/page"}],"author":[{"embeddable":true,"href":"https:\/\/old.capricemusic.se\/svensktvisarkiv\/wp-json\/wp\/v2\/users\/70"}],"replies":[{"embeddable":true,"href":"https:\/\/old.capricemusic.se\/svensktvisarkiv\/wp-json\/wp\/v2\/comments?post=11109"}],"version-history":[{"count":0,"href":"https:\/\/old.capricemusic.se\/svensktvisarkiv\/wp-json\/wp\/v2\/pages\/11109\/revisions"}],"wp:attachment":[{"href":"https:\/\/old.capricemusic.se\/svensktvisarkiv\/wp-json\/wp\/v2\/media?parent=11109"}],"wp:term":[{"taxonomy":"category","embeddable":true,"href":"https:\/\/old.capricemusic.se\/svensktvisarkiv\/wp-json\/wp\/v2\/categories?post=11109"},{"taxonomy":"post_tag","embeddable":true,"href":"https:\/\/old.capricemusic.se\/svensktvisarkiv\/wp-json\/wp\/v2\/tags?post=11109"}],"curies":[{"name":"wp","href":"https:\/\/api.w.org\/{rel}","templated":true}]}}