{"id":15,"date":"2012-06-11T14:41:48","date_gmt":"2012-06-11T12:41:48","guid":{"rendered":"http:\/\/musikverket.adeprimo.se\/musikochteaterbiblioteket\/?page_id=486"},"modified":"2024-01-09T09:26:04","modified_gmt":"2024-01-09T08:26:04","slug":"fjarrlan","status":"publish","type":"page","link":"https:\/\/old.capricemusic.se\/musikochteaterbiblioteket\/lana\/fjarrlan\/","title":{"rendered":"Fj\u00e4rrl\u00e5n"},"content":{"rendered":"<div id=\"pl-15\"  class=\"panel-layout\" ><div id=\"pg-15-0\"  class=\"panel-grid panel-no-style\" ><div id=\"pgc-15-0-0\"  class=\"panel-grid-cell\" ><div id=\"panel-15-0-0-0\" class=\"so-panel widget widget_headers panel-first-child panel-last-child\" data-index=\"0\" ><div class=\"so-widget-headers so-widget-headers-base\"><h1 id=\"fjarrlan\">Fj\u00e4rrl\u00e5n<\/h1>\n<\/div><\/div><\/div><\/div><div id=\"pg-15-1\"  class=\"panel-grid panel-no-style\" ><div id=\"pgc-15-1-0\"  class=\"panel-grid-cell panel-grid-cell-mobile-last\" ><div id=\"panel-15-1-0-0\" class=\"so-panel widget widget_black-studio-tinymce widget_black_studio_tinymce panel-first-child panel-last-child\" data-index=\"1\" ><div class=\"textwidget\"><p><em>Musik, teater och dans &ndash; fj&auml;rrl&aring;na b&ouml;cker var du &auml;n &auml;r. P&aring; Musik- och teaterbiblioteket kan du ocks&aring; l&aring;na b&ouml;cker som finns p&aring; andra bibliotek.<\/em><\/p>\n<\/div><\/div><\/div><div id=\"pgc-15-1-1\"  class=\"panel-grid-cell panel-grid-cell-empty\" ><\/div><\/div><div id=\"pg-15-2\"  class=\"panel-grid panel-no-style\" ><div id=\"pgc-15-2-0\"  class=\"panel-grid-cell\" ><div id=\"panel-15-2-0-0\" class=\"so-panel widget widget_headers panel-first-child\" data-index=\"2\" ><div class=\"so-widget-headers so-widget-headers-base\"><h3 id=\"lana-via-ditt-lokala-bibliotek\">L\u00e5na via ditt lokala bibliotek<\/h3>\n<\/div><\/div><div id=\"panel-15-2-0-1\" class=\"so-panel widget widget_black-studio-tinymce widget_black_studio_tinymce\" data-index=\"3\" ><div class=\"textwidget\"><p>Den som inte har m&ouml;jlighet att h&auml;mta materialet sj&auml;lv p&aring; biblioteket i Stockholm kan best&auml;lla fj&auml;rrl&aring;n p&aring; n&auml;rmaste bibliotek och h&auml;mta det d&auml;r. L&aring;nekort p&aring; Musik- och teaterbiblioteket beh&ouml;vs ej. Kontakta ditt lokala bibliotek f&ouml;r information om fj&auml;rrl&aring;nevillkor. Om det &auml;r en enstaka s&aring;ng, n&aring;gra sidor med noter eller en artikel kan materialet skickas med e-post till biblioteket.<\/p>\n<\/div><\/div><div id=\"panel-15-2-0-2\" class=\"so-panel widget widget_headers\" data-index=\"4\" ><div class=\"so-widget-headers so-widget-headers-base\"><h3 id=\"information-for-andra-bibliotek\">Information f\u00f6r andra bibliotek<\/h3>\n<\/div><\/div><div id=\"panel-15-2-0-3\" class=\"so-panel widget widget_black-studio-tinymce widget_black_studio_tinymce panel-last-child\" data-index=\"5\" ><div class=\"textwidget\"><p>Best\u00e4ll fj\u00e4rrl\u00e5n genom&nbsp;<a title=\"inloggningssida f\u00f6r Libris fj\u00e4rrl\u00e5n\" href=\"http:\/\/libris.kb.se\/login.jsp?type=ill&amp;onOk=http:\/\/libris.kb.se\/illswitch.jsp\" target=\"_blank\" rel=\"noopener\">Libris fj\u00e4rrl\u00e5n<\/a>,&nbsp;<a title=\"exp@muslib.se\" href=\"mailto:exp@muslib.se\" target=\"_blank\" rel=\"noopener\">e-post<\/a>&nbsp;eller&nbsp;<a title=\"Bibliotekets kontaktuppgifter\" href=\"\/musikochteaterbiblioteket\/kontakt\/\">telefon<\/a>.<\/p>\n<h4>Retur av fj\u00e4rrl\u00e5n<\/h4>\n<p>Fj\u00e4rrl\u00e5n kan returneras via antingen F\u00f6retagspaket, Postpaket med olika spedit\u00f6rer eller andra budfirmor till;<br \/>\nMusik- och teaterbiblioteket<br \/>\nTegeluddsv\u00e4gen 100<br \/>\n115 28 Stockholm<\/p>\n<p>Postadress f\u00f6r brev, vykort, reklamblad och liknande skickas till boxadress;<br \/>\nMusik- och teaterbiblioteket<br \/>\nBox 16326<br \/>\n103 26 Stockholm<\/p>\n<p>F\u00f6r information om porto se&nbsp;<a title=\"Postens webbplats\" href=\"http:\/\/www.posten.se\/sv\/Foretagspost\/Brev%20och%20paket\/Sidor\/home.aspx\" target=\"_blank\" rel=\"noopener\">Postens webbplats<\/a>.<\/p>\n<\/div><\/div><\/div><div id=\"pgc-15-2-1\"  class=\"panel-grid-cell\" ><div id=\"panel-15-2-1-0\" class=\"so-panel widget widget_headers panel-first-child\" data-index=\"6\" ><div class=\"so-widget-headers so-widget-headers-base\"><h3 id=\"finns-det-du-vill-lana-pa-ett-annat-bibliotek\">Finns det du vill l\u00e5na p\u00e5 ett annat bibliotek?<\/h3>\n<\/div><\/div><div id=\"panel-15-2-1-1\" class=\"so-panel widget widget_black-studio-tinymce widget_black_studio_tinymce panel-last-child\" data-index=\"7\" ><div class=\"textwidget\"><p>Noter eller b\u00f6cker\/artiklar som inte finns p\u00e5 Musik- och teaterbiblioteket kan l\u00e5nas in fr\u00e5n andra bibliotek utanf\u00f6r Stockholmsomr\u00e5det. Det \u00e4r en service biblioteket erbjuder alla privatpersoner som har l\u00e5nekort. Musik- och teaterbiblioteket avg\u00f6r i vilka fall material skall l\u00e5nas in. L\u00e5netiden best\u00e4ms av det utl\u00e5nande biblioteket.<\/p>\n<p>Fj\u00e4rrl\u00e5n best\u00e4lls p\u00e5 s\u00e4rskilda blanketter i biblioteket eller via&nbsp;<a title=\"Best\u00e4ll fj\u00e4rrl\u00e5n\" href=\"https:\/\/discover.musikverket.se\/cgi-bin\/koha\/opac-suggestions.pl?op=add\">webbformul\u00e4r<\/a> n\u00e4r du \u00e4r inloggad p\u00e5 ditt <a href=\"https:\/\/discover.musikverket.se\/\">bibliotekskonto<\/a>. Om du inte har l\u00e5nekort hos oss \u00e4nnu kan du \u00e4ven best\u00e4lla via <a href=\"mailto:info@musikochteaterbiblioteket.se\">info@musikochteaterbiblioteket.se<\/a>. Fyll i s\u00e5 m\u00e5nga uppgifter som m\u00f6jligt om noten\/boken\/artikeln. Skriv ditt namn samt adress, telefonnummer och e-postadress.<\/p>\n<p>Var ute i god tid med best\u00e4llningen. Det \u00e4r sv\u00e5rt att veta hur l\u00e5ng tid det tar att f\u00e5 hit det du best\u00e4llt. Du f\u00e5r ett meddelande n\u00e4r materialet finns att h\u00e4mta.<\/p>\n<p>I f\u00f6rsta hand best\u00e4ller Musik- och teaterbiblioteket noter och b\u00f6cker fr\u00e5n svenska bibliotek via&nbsp;Libris. I andra hand fr\u00e5n de nordiska grannl\u00e4ndernas bibliotek och i tredje hand fr\u00e5n bibliotek utanf\u00f6r Norden.&nbsp;Fj\u00e4rrl\u00e5n fr\u00e5n bibliotek inom Norden \u00e4r gratis, men fj\u00e4rrl\u00e5n fr\u00e5n \u00f6vriga l\u00e4nder \u00e4r avgiftsbelagda, <a title=\"Prislista\" href=\"\/musikochteaterbiblioteket\/besok-biblioteket\/prislista\/\">se prislista<\/a>. Om fj\u00e4rrl\u00e5net best\u00e5r av kopior \u00e4r dessa ofta avgiftsbelagda.<\/p>\n<p><a title=\"Best\u00e4ll fj\u00e4rrl\u00e5n\" href=\"https:\/\/discover.musikverket.se\/cgi-bin\/koha\/opac-suggestions.pl?op=add\">Best\u00e4ll fj\u00e4rrl\u00e5n<\/a><\/p>\n<p>&nbsp;<\/p>\n<p>&nbsp;<\/p>\n<\/div><\/div><\/div><\/div><\/div>","protected":false},"excerpt":{"rendered":"<p>Musik, teater och dans &ndash; fj&auml;rrl&aring;na b&ouml;cker var du &auml;n &auml;r. P&aring; Musik- och teaterbiblioteket kan du ocks&aring; l&aring;na b&ouml;cker som finns p&aring; andra bibliotek.<\/p>\n","protected":false},"author":1,"featured_media":0,"parent":12,"menu_order":0,"comment_status":"open","ping_status":"closed","template":"","meta":{"ngg_post_thumbnail":0,"spay_email":""},"categories":[3],"tags":[116,11,114],"yoast_head":"<!-- This site is optimized with the Yoast SEO plugin v16.3 - https:\/\/yoast.com\/wordpress\/plugins\/seo\/ -->\n<meta name=\"robots\" content=\"index, follow, max-snippet:-1, max-image-preview:large, max-video-preview:-1\" \/>\n<link rel=\"canonical\" href=\"https:\/\/old.capricemusic.se\/musikochteaterbiblioteket\/lana\/fjarrlan\/\" \/>\n<meta property=\"og:locale\" content=\"sv_SE\" \/>\n<meta property=\"og:type\" content=\"article\" \/>\n<meta property=\"og:title\" content=\"Fj\u00e4rrl\u00e5n - Musik- och teaterbiblioteket\" \/>\n<meta property=\"og:description\" content=\"Musik, teater och dans &ndash; fj&auml;rrl&aring;na b&ouml;cker var du &auml;n &auml;r. P&aring; Musik- och teaterbiblioteket kan du ocks&aring; l&aring;na b&ouml;cker som finns p&aring; andra bibliotek.\" \/>\n<meta property=\"og:url\" content=\"https:\/\/old.capricemusic.se\/musikochteaterbiblioteket\/lana\/fjarrlan\/\" \/>\n<meta property=\"og:site_name\" content=\"Musik- och teaterbiblioteket\" \/>\n<meta property=\"article:modified_time\" content=\"2024-01-09T08:26:04+00:00\" \/>\n<meta name=\"twitter:label1\" content=\"Ber\u00e4knad l\u00e4stid\">\n\t<meta name=\"twitter:data1\" content=\"2 minuter\">\n<script type=\"application\/ld+json\" class=\"yoast-schema-graph\">{\"@context\":\"https:\/\/schema.org\",\"@graph\":[{\"@type\":\"WebSite\",\"@id\":\"https:\/\/old.capricemusic.se\/musikochteaterbiblioteket\/#website\",\"url\":\"https:\/\/old.capricemusic.se\/musikochteaterbiblioteket\/\",\"name\":\"Musik- och teaterbiblioteket\",\"description\":\"F\\u00f6rdjupning, kunskap och spelgl\\u00e4dje\",\"potentialAction\":[{\"@type\":\"SearchAction\",\"target\":\"https:\/\/old.capricemusic.se\/musikochteaterbiblioteket\/?s={search_term_string}\",\"query-input\":\"required name=search_term_string\"}],\"inLanguage\":\"sv-SE\"},{\"@type\":\"WebPage\",\"@id\":\"https:\/\/old.capricemusic.se\/musikochteaterbiblioteket\/lana\/fjarrlan\/#webpage\",\"url\":\"https:\/\/old.capricemusic.se\/musikochteaterbiblioteket\/lana\/fjarrlan\/\",\"name\":\"Fj\\u00e4rrl\\u00e5n - Musik- och teaterbiblioteket\",\"isPartOf\":{\"@id\":\"https:\/\/old.capricemusic.se\/musikochteaterbiblioteket\/#website\"},\"datePublished\":\"2012-06-11T12:41:48+00:00\",\"dateModified\":\"2024-01-09T08:26:04+00:00\",\"breadcrumb\":{\"@id\":\"https:\/\/old.capricemusic.se\/musikochteaterbiblioteket\/lana\/fjarrlan\/#breadcrumb\"},\"inLanguage\":\"sv-SE\",\"potentialAction\":[{\"@type\":\"ReadAction\",\"target\":[\"https:\/\/old.capricemusic.se\/musikochteaterbiblioteket\/lana\/fjarrlan\/\"]}]},{\"@type\":\"BreadcrumbList\",\"@id\":\"https:\/\/old.capricemusic.se\/musikochteaterbiblioteket\/lana\/fjarrlan\/#breadcrumb\",\"itemListElement\":[{\"@type\":\"ListItem\",\"position\":1,\"item\":{\"@type\":\"WebPage\",\"@id\":\"https:\/\/old.capricemusic.se\/musikochteaterbiblioteket\/\",\"url\":\"https:\/\/old.capricemusic.se\/musikochteaterbiblioteket\/\",\"name\":\"Hem\"}},{\"@type\":\"ListItem\",\"position\":2,\"item\":{\"@type\":\"WebPage\",\"@id\":\"https:\/\/old.capricemusic.se\/musikochteaterbiblioteket\/lana\/\",\"url\":\"https:\/\/old.capricemusic.se\/musikochteaterbiblioteket\/lana\/\",\"name\":\"L\\u00e5na\"}},{\"@type\":\"ListItem\",\"position\":3,\"item\":{\"@id\":\"https:\/\/old.capricemusic.se\/musikochteaterbiblioteket\/lana\/fjarrlan\/#webpage\"}}]}]}<\/script>\n<!-- \/ Yoast SEO plugin. -->","jetpack_shortlink":"https:\/\/wp.me\/P2ZwmI-f","jetpack_sharing_enabled":true,"_links":{"self":[{"href":"https:\/\/old.capricemusic.se\/musikochteaterbiblioteket\/wp-json\/wp\/v2\/pages\/15"}],"collection":[{"href":"https:\/\/old.capricemusic.se\/musikochteaterbiblioteket\/wp-json\/wp\/v2\/pages"}],"about":[{"href":"https:\/\/old.capricemusic.se\/musikochteaterbiblioteket\/wp-json\/wp\/v2\/types\/page"}],"author":[{"embeddable":true,"href":"https:\/\/old.capricemusic.se\/musikochteaterbiblioteket\/wp-json\/wp\/v2\/users\/1"}],"replies":[{"embeddable":true,"href":"https:\/\/old.capricemusic.se\/musikochteaterbiblioteket\/wp-json\/wp\/v2\/comments?post=15"}],"version-history":[{"count":0,"href":"https:\/\/old.capricemusic.se\/musikochteaterbiblioteket\/wp-json\/wp\/v2\/pages\/15\/revisions"}],"up":[{"embeddable":true,"href":"https:\/\/old.capricemusic.se\/musikochteaterbiblioteket\/wp-json\/wp\/v2\/pages\/12"}],"wp:attachment":[{"href":"https:\/\/old.capricemusic.se\/musikochteaterbiblioteket\/wp-json\/wp\/v2\/media?parent=15"}],"wp:term":[{"taxonomy":"category","embeddable":true,"href":"https:\/\/old.capricemusic.se\/musikochteaterbiblioteket\/wp-json\/wp\/v2\/categories?post=15"},{"taxonomy":"post_tag","embeddable":true,"href":"https:\/\/old.capricemusic.se\/musikochteaterbiblioteket\/wp-json\/wp\/v2\/tags?post=15"}],"curies":[{"name":"wp","href":"https:\/\/api.w.org\/{rel}","templated":true}]}}