{"id":1411,"date":"2012-12-12T17:03:19","date_gmt":"2012-12-12T16:03:19","guid":{"rendered":"http:\/\/statensmusikverk.se\/musikochteaterbiblioteket\/?page_id=1411"},"modified":"2019-05-17T13:08:06","modified_gmt":"2019-05-17T11:08:06","slug":"valborg-aulin-1860-1928","status":"publish","type":"page","link":"https:\/\/old.capricemusic.se\/musikochteaterbiblioteket\/arkivregistret\/valborg-aulin-1860-1928\/","title":{"rendered":"Valborg Aulin (1860\u20131928)"},"content":{"rendered":"<div id=\"pl-1411\"  class=\"panel-layout\" ><div id=\"pg-1411-0\"  class=\"panel-grid panel-no-style\" ><div id=\"pgc-1411-0-0\"  class=\"panel-grid-cell panel-grid-cell-mobile-last\" ><div id=\"panel-1411-0-0-0\" class=\"so-panel widget widget_headers panel-first-child\" data-index=\"0\" ><div class=\"so-widget-headers so-widget-headers-base\"><h1 id=\"valborg-aulin\">Valborg Aulin<\/h1>\n<\/div><\/div><div id=\"panel-1411-0-0-1\" class=\"so-panel widget widget_black-studio-tinymce widget_black_studio_tinymce panel-last-child\" data-index=\"1\" ><div class=\"textwidget\"><p><em>I biblioteket finns en stor m\u00e4ngd arkiv och samlingar efter personer, f\u00f6reningar och institutioner som verkat p\u00e5 musikens och teaterns omr\u00e5de. Observera att ytterligare handskriftsmaterial som inte ing\u00e5r i dessa arkiv och samlingar finns att s\u00f6ka via&nbsp;<a title=\"Till bibliotekets kataloger\" href=\"http:\/\/statensmusikverk.se\/musikochteaterbiblioteket\/kataloger\">bibliotekets not- och brevkataloger<\/a>. <\/em><\/p>\n<p><em>Kontakta&nbsp;<a title=\"bibliotekets kontaktuppgifter\" href=\"http:\/\/statensmusikverk.se\/musikochteaterbiblioteket\/kontakt\/\">Raritetssamlingarna<\/a>&nbsp;f\u00f6r att best\u00e4lla fram arkivmaterial, k\u00f6pa&nbsp;<a title=\"prislista\" href=\"https:\/\/old.capricemusic.se\/musikochteaterbiblioteket\/besok-biblioteket\/prislista\/\">kopior<\/a>&nbsp;eller f\u00e5 hj\u00e4lp att hitta i samlingarna.<\/em><\/p>\n<\/div><\/div><\/div><div id=\"pgc-1411-0-1\"  class=\"panel-grid-cell panel-grid-cell-empty\" ><\/div><\/div><div id=\"pg-1411-1\"  class=\"panel-grid panel-no-style\" ><div id=\"pgc-1411-1-0\"  class=\"panel-grid-cell panel-grid-cell-mobile-last\" ><div id=\"panel-1411-1-0-0\" class=\"so-panel widget widget_black-studio-tinymce widget_black_studio_tinymce panel-first-child panel-last-child\" data-index=\"2\" ><div class=\"textwidget\"><div class=\"cfct-module cfct-heading\">\n<h3 class=\"cfct-mod-title\">G\u00e5va 1962\/170<\/h3>\n<\/div>\n<div class=\"cfct-module cfct-rich-text\">\n<div class=\"cfct-mod-content\">\n<p>fr\u00e5n brorsdottern Stina Carlstedt<\/p>\n<h4>Autografer<\/h4>\n<p>Barcarolle Se Tre k\u00f6rer<br \/>\nDeine weissen Lilienfinger Se Fyra s\u00e5nger<br \/>\nDer Mond ist aufgegangen Se Fyra s\u00e5nger<br \/>\nDina liljevita fingrar Se Fyra s\u00e5nger<br \/>\nEn tindrande stjerna faller Se Fyra s\u00e5nger<br \/>\nEs f\u00e4llt ein Stern herunter Se Fyra s\u00e5nger<br \/>\nFullm\u00e5nen sin str\u00e5lflod gjuter Se Fyra s\u00e5nger<br \/>\nF\u00f6r l\u00e4nge se'n (Den gamla, gamla visan). Ord af K.A. Melin. [F\u00f6r r\u00f6st och piano]<br \/>\n\"Herr Olof\" (P\u00e5 \u00e4ngen under det m\u00f6rka fj\u00e4llet). Ballad af C.D. af Wirs\u00e9n componerad f\u00f6r tenor, ch\u00f6r &amp; orkester. 1880. Part. [s. 1 saknas; m\u00e5nga r\u00e4ttelser], klav.<br \/>\nIch stand in dunkeln Tr\u00e4umen Se Fyra s\u00e5nger<br \/>\nJag stod f\u00f6rs\u00e4nkt i dr\u00f6mmar Se Fyra s\u00e5nger<br \/>\nJuls\u00e5ng (Dagen uppg\u00e5r) af K.A. Melin &lt;efter Thmas Moore&gt; komponerad f\u00f6r blandad k\u00f6r med orgelackompanjemang. Op. 23. Part. 2 ex., orgelst. + 25 s\u00e5ngst.<br \/>\nKlagar rosen, klagar kaprifol? Se Tre k\u00f6rer<br \/>\nKom! (Om en sorg ditt hjerta g\u00f6mmer). Ord af C.D. af Wirs\u00e9n. [F\u00f6r r\u00f6st och piano]<br \/>\n<a title=\"Tre k\u00f6rer f\u00f6r fruntimmersr\u00f6ster [SSAA] med piano-ackompagjemang. [Inneh\u00e5ll: [1]. N\u00e4r rosorna blomma (Rosor, rosor, vackra rosor). Ord af J. Lamm ; [2]. Barcarolle (Svagt klingar aftonklockans s\u00e5ng). Ord af K.A. Melin efter Thomas Moore ; [3.] Klagar rosen, klagar kaprifol? Ord af J. Lamm.]\" href=\"http:\/\/urn.kb.se\/resolve?urn=urn:nbn:se:statensmusikverk-1627\">Tre k\u00f6rer f\u00f6r fruntimmersr\u00f6ster [SSAA] med piano-ackompagjemang. [Inneh\u00e5ll: [1]. N\u00e4r rosorna blomma (Rosor, rosor, vackra rosor). Ord af J. Lamm ; [2]. Barcarolle (Svagt klingar aftonklockans s\u00e5ng). Ord af K.A. Melin efter Thomas Moore ; [3.] Klagar rosen, klagar kaprifol? Ord af J. Lamm.] Part.<\/a>, 2 ex., 1 endast nr 2-3, + 26 s\u00e5ngst. med ordningen 2,3,1.<br \/>\nMin lycka varade s\u00e5 kort. [F\u00f6r SATB]. Part.<br \/>\n<a title=\"Miniature. Piano.\" href=\"http:\/\/urn.kb.se\/resolve?urn=urn:nbn:se:statensmusikverk-1620\">Miniature. Piano.<\/a><br \/>\nN\u00e4r rosorna blomma Se Tre k\u00f6rer<br \/>\n\"Pie Jesu Domine\". Missa sollemnis componerad f\u00f6r k\u00f6r och orchester. Op. 13. Till Ludvig Normans minne. <a href=\"http:\/\/urn.kb.se\/resolve?urn=urn:nbn:se:statensmusikverk-1622\">Partitur<\/a>., <a href=\"http:\/\/urn.kb.se\/resolve?urn=urn:nbn:se:statensmusikverk-9470\">klaverutdrag<\/a>.<br \/>\nProcul este! (G\u00e5 stum, ja stum). [F\u00f6r solo, bl k\u00f6r och str\u00e5kar]. Klav. [blyerts]; Blyertsskisser<br \/>\n[Sonat, piano, op. 14, f-moll] Sonat f\u00f6r piano. Op. 14. [M\u00e5nga strykningar och r\u00e4ttelser]<br \/>\n<a href=\"http:\/\/urn.kb.se\/resolve?urn=urn:nbn:se:statensmusikverk-12413\">[Sonat, piano, op. 14, f-moll] Grande Sonate s\u00e9rieuse f\u00f6r pour le piano. Op. 14. [Renskrift]<\/a><br \/>\n<a title=\"[Sonat, violin, piano, g-moll] Sonate f\u00f6r piano och violin.\" href=\"http:\/\/urn.kb.se\/resolve?urn=urn:nbn:se:statensmusikverk-1623\">[Sonat, violin, piano, g-moll] Sonate f\u00f6r piano och violin. Part. + st.<\/a><br \/>\n<a title=\"Suite [d-moll] f\u00f6r piano.\" href=\"http:\/\/urn.kb.se\/resolve?urn=urn:nbn:se:statensmusikverk-1624\">Suite [d-moll] f\u00f6r piano.<\/a><br \/>\n<a title=\"Fyra s\u00e5nger ur Heines &quot;Buch der Lieder&quot;. Op. 9. [F\u00f6r r\u00f6st och piano...]\" href=\"http:\/\/urn.kb.se\/resolve?urn=urn:nbn:se:statensmusikverk-1621\">Fyra s\u00e5nger ur Heines \"Buch der Lieder\". Op. 9. [F\u00f6r r\u00f6st och piano. Inneh\u00e5ll: I. Es f\u00e4llt ein Stern herunter = En tindrande stjerna faller ; II. Ich stand in dunkeln Tr\u00e4umen = Jag stod f\u00f6rs\u00e4nkt i dr\u00f6mmar ; III. Der Mond ist aufgegangen = Fullm\u00e5nen sin str\u00e5lflod gjuter ; IV. Deine weissen Liljenfinger [sic] = Dina liljehvita fingrar]. Nr 1-2 \u00e4ven separat f\u00f6r bas och piano med endast tysk text.<\/a><br \/>\n<a style=\"text-decoration: none;color: #007eb3\" title=\"S\u00e4g ej s\u00e5. &lt;Efter Th. Moore.&gt; [F\u00f6r r\u00f6st och piano]\" href=\"http:\/\/urn.kb.se\/resolve?urn=urn:nbn:se:statensmusikverk-1625\">S\u00e4g ej s\u00e5. &lt;Efter Th. Moore.&gt; [F\u00f6r r\u00f6st och piano]<\/a><br \/>\n<a title=\"Tableaux Parisiens. Suite pour orchestre. Part. [sista bl. saknas]\" href=\"http:\/\/urn.kb.se\/resolve?urn=urn:nbn:se:statensmusikverk-1626\">Tableaux Parisiens. Suite pour orchestre. Part. [sista bl. saknas]<\/a><br \/>\nDer Todtengr\u00e4ber (Ich grabe). [F\u00f6r bas och piano]<br \/>\nVar det en dr\u00f6m? [F\u00f6r str\u00e5kar med obligat violin]. Part.<br \/>\nVeni Sanctu Spiritus. Hymn f\u00f6r blandad k\u00f6r och orkester. Op. 32. Klav., 2 ex. + 4 k\u00f6rst.<br \/>\n[Veni Sanctu Spiritus; arr. f\u00f6r dubbelk\u00f6r och orgel ad lib.] Part. \u00c4ven 1 ex. blyerts (inkompl.) samt skiss<\/p>\n<h4>Manuskript<\/h4>\n<p>Juls\u00e5ng (Dagen uppg\u00e5r). [F\u00f6r bl k\u00f6r och orgel]. Endast s\u00e5ngst.<\/p>\n<p>Verk av andra:<\/p>\n<p>Hill, Henry Morgon. 1909. [F\u00f6r piano] (Autograf?)<\/p>\n<h4>Till\u00e4ggsaccession 2012<\/h4>\n<h4>Tryck<\/h4>\n<p>Roddaren - s\u00e5ng f\u00f6r 1 r\u00f6st och piano. Text av Runeberg. Ing\u00e5r i Svenska familjejournalen, 1881, s. 318-319, kopia<br \/>\nSaknaden - s\u00e5ng f\u00f6r 1 r\u00f6st och piano. Text av Runeberg.Ing\u00e5r i Svenska familjejournalen, 1886, s. 222-223, kopia<\/p>\n<p>F\u00f6rteckningen uppr\u00e4ttad i juli 1994 av Anna Lena Holm.<\/p><\/div>\n<\/div>\n<\/div><\/div><\/div><div id=\"pgc-1411-1-1\"  class=\"panel-grid-cell panel-grid-cell-empty\" ><\/div><\/div><\/div>","protected":false},"excerpt":{"rendered":"<p>I biblioteket finns en stor m\u00e4ngd arkiv och samlingar efter personer, f\u00f6reningar och institutioner som verkat p\u00e5 musikens och teaterns omr\u00e5de. Observera att ytterligare handskriftsmaterial som inte ing\u00e5r i dessa arkiv och samlingar finns att s\u00f6ka via&nbsp;bibliotekets not- och brevkataloger. Kontakta&nbsp;Raritetssamlingarna&nbsp;f\u00f6r att best\u00e4lla fram arkivmaterial, k\u00f6pa&nbsp;kopior&nbsp;eller f\u00e5 hj\u00e4lp att hitta i samlingarna. G\u00e5va 1962\/170 fr\u00e5n [&hellip;]<\/p>\n","protected":false},"author":8,"featured_media":0,"parent":52,"menu_order":0,"comment_status":"open","ping_status":"closed","template":"","meta":{"ngg_post_thumbnail":0,"spay_email":""},"categories":[4,3],"tags":[48,42,98],"yoast_head":"<!-- This site is optimized with the Yoast SEO plugin v16.3 - https:\/\/yoast.com\/wordpress\/plugins\/seo\/ -->\n<meta name=\"robots\" content=\"index, follow, max-snippet:-1, max-image-preview:large, max-video-preview:-1\" \/>\n<link rel=\"canonical\" href=\"https:\/\/old.capricemusic.se\/musikochteaterbiblioteket\/arkivregistret\/valborg-aulin-1860-1928\/\" \/>\n<meta property=\"og:locale\" content=\"sv_SE\" \/>\n<meta property=\"og:type\" content=\"article\" \/>\n<meta property=\"og:title\" content=\"Valborg Aulin (1860\u20131928) - Musik- och teaterbiblioteket\" \/>\n<meta property=\"og:description\" content=\"I biblioteket finns en stor m\u00e4ngd arkiv och samlingar efter personer, f\u00f6reningar och institutioner som verkat p\u00e5 musikens och teaterns omr\u00e5de. Observera att ytterligare handskriftsmaterial som inte ing\u00e5r i dessa arkiv och samlingar finns att s\u00f6ka via&nbsp;bibliotekets not- och brevkataloger. Kontakta&nbsp;Raritetssamlingarna&nbsp;f\u00f6r att best\u00e4lla fram arkivmaterial, k\u00f6pa&nbsp;kopior&nbsp;eller f\u00e5 hj\u00e4lp att hitta i samlingarna. G\u00e5va 1962\/170 fr\u00e5n [&hellip;]\" \/>\n<meta property=\"og:url\" content=\"https:\/\/old.capricemusic.se\/musikochteaterbiblioteket\/arkivregistret\/valborg-aulin-1860-1928\/\" \/>\n<meta property=\"og:site_name\" content=\"Musik- och teaterbiblioteket\" \/>\n<meta property=\"article:modified_time\" content=\"2019-05-17T11:08:06+00:00\" \/>\n<meta name=\"twitter:label1\" content=\"Ber\u00e4knad l\u00e4stid\">\n\t<meta name=\"twitter:data1\" content=\"3 minuter\">\n<script type=\"application\/ld+json\" class=\"yoast-schema-graph\">{\"@context\":\"https:\/\/schema.org\",\"@graph\":[{\"@type\":\"WebSite\",\"@id\":\"https:\/\/old.capricemusic.se\/musikochteaterbiblioteket\/#website\",\"url\":\"https:\/\/old.capricemusic.se\/musikochteaterbiblioteket\/\",\"name\":\"Musik- och teaterbiblioteket\",\"description\":\"F\\u00f6rdjupning, kunskap och spelgl\\u00e4dje\",\"potentialAction\":[{\"@type\":\"SearchAction\",\"target\":\"https:\/\/old.capricemusic.se\/musikochteaterbiblioteket\/?s={search_term_string}\",\"query-input\":\"required name=search_term_string\"}],\"inLanguage\":\"sv-SE\"},{\"@type\":\"WebPage\",\"@id\":\"https:\/\/old.capricemusic.se\/musikochteaterbiblioteket\/arkivregistret\/valborg-aulin-1860-1928\/#webpage\",\"url\":\"https:\/\/old.capricemusic.se\/musikochteaterbiblioteket\/arkivregistret\/valborg-aulin-1860-1928\/\",\"name\":\"Valborg Aulin (1860\\u20131928) - Musik- och teaterbiblioteket\",\"isPartOf\":{\"@id\":\"https:\/\/old.capricemusic.se\/musikochteaterbiblioteket\/#website\"},\"datePublished\":\"2012-12-12T16:03:19+00:00\",\"dateModified\":\"2019-05-17T11:08:06+00:00\",\"breadcrumb\":{\"@id\":\"https:\/\/old.capricemusic.se\/musikochteaterbiblioteket\/arkivregistret\/valborg-aulin-1860-1928\/#breadcrumb\"},\"inLanguage\":\"sv-SE\",\"potentialAction\":[{\"@type\":\"ReadAction\",\"target\":[\"https:\/\/old.capricemusic.se\/musikochteaterbiblioteket\/arkivregistret\/valborg-aulin-1860-1928\/\"]}]},{\"@type\":\"BreadcrumbList\",\"@id\":\"https:\/\/old.capricemusic.se\/musikochteaterbiblioteket\/arkivregistret\/valborg-aulin-1860-1928\/#breadcrumb\",\"itemListElement\":[{\"@type\":\"ListItem\",\"position\":1,\"item\":{\"@type\":\"WebPage\",\"@id\":\"https:\/\/old.capricemusic.se\/musikochteaterbiblioteket\/\",\"url\":\"https:\/\/old.capricemusic.se\/musikochteaterbiblioteket\/\",\"name\":\"Hem\"}},{\"@type\":\"ListItem\",\"position\":2,\"item\":{\"@type\":\"WebPage\",\"@id\":\"https:\/\/old.capricemusic.se\/musikochteaterbiblioteket\/arkivregistret\/\",\"url\":\"https:\/\/old.capricemusic.se\/musikochteaterbiblioteket\/arkivregistret\/\",\"name\":\"Arkivregistret\"}},{\"@type\":\"ListItem\",\"position\":3,\"item\":{\"@id\":\"https:\/\/old.capricemusic.se\/musikochteaterbiblioteket\/arkivregistret\/valborg-aulin-1860-1928\/#webpage\"}}]}]}<\/script>\n<!-- \/ Yoast SEO plugin. -->","jetpack_shortlink":"https:\/\/wp.me\/P2ZwmI-mL","jetpack_sharing_enabled":true,"_links":{"self":[{"href":"https:\/\/old.capricemusic.se\/musikochteaterbiblioteket\/wp-json\/wp\/v2\/pages\/1411"}],"collection":[{"href":"https:\/\/old.capricemusic.se\/musikochteaterbiblioteket\/wp-json\/wp\/v2\/pages"}],"about":[{"href":"https:\/\/old.capricemusic.se\/musikochteaterbiblioteket\/wp-json\/wp\/v2\/types\/page"}],"author":[{"embeddable":true,"href":"https:\/\/old.capricemusic.se\/musikochteaterbiblioteket\/wp-json\/wp\/v2\/users\/8"}],"replies":[{"embeddable":true,"href":"https:\/\/old.capricemusic.se\/musikochteaterbiblioteket\/wp-json\/wp\/v2\/comments?post=1411"}],"version-history":[{"count":0,"href":"https:\/\/old.capricemusic.se\/musikochteaterbiblioteket\/wp-json\/wp\/v2\/pages\/1411\/revisions"}],"up":[{"embeddable":true,"href":"https:\/\/old.capricemusic.se\/musikochteaterbiblioteket\/wp-json\/wp\/v2\/pages\/52"}],"wp:attachment":[{"href":"https:\/\/old.capricemusic.se\/musikochteaterbiblioteket\/wp-json\/wp\/v2\/media?parent=1411"}],"wp:term":[{"taxonomy":"category","embeddable":true,"href":"https:\/\/old.capricemusic.se\/musikochteaterbiblioteket\/wp-json\/wp\/v2\/categories?post=1411"},{"taxonomy":"post_tag","embeddable":true,"href":"https:\/\/old.capricemusic.se\/musikochteaterbiblioteket\/wp-json\/wp\/v2\/tags?post=1411"}],"curies":[{"name":"wp","href":"https:\/\/api.w.org\/{rel}","templated":true}]}}