{"id":11262,"date":"2023-11-27T10:33:39","date_gmt":"2023-11-27T09:33:39","guid":{"rendered":"https:\/\/old.capricemusic.se\/musikochteaterbiblioteket\/?page_id=11262"},"modified":"2024-06-11T14:29:03","modified_gmt":"2024-06-11T12:29:03","slug":"kontakt-2","status":"publish","type":"page","link":"https:\/\/old.capricemusic.se\/musikochteaterbiblioteket\/kontakt-2\/","title":{"rendered":"Kontakt"},"content":{"rendered":"<div id=\"pl-11262\"  class=\"panel-layout\" ><div id=\"pg-11262-0\"  class=\"panel-grid panel-no-style\" ><div id=\"pgc-11262-0-0\"  class=\"panel-grid-cell\" ><div id=\"panel-11262-0-0-0\" class=\"so-panel widget widget_headers panel-first-child panel-last-child\" data-index=\"0\" ><div class=\"so-widget-headers so-widget-headers-base\"><h1 id=\"kontakta-musik-och-teaterbiblioteket\">Kontakta Musik- och teaterbiblioteket<\/h1>\n<\/div><\/div><\/div><\/div><div id=\"pg-11262-1\"  class=\"panel-grid panel-no-style\" ><div id=\"pgc-11262-1-0\"  class=\"panel-grid-cell panel-grid-cell-mobile-last\" ><div id=\"panel-11262-1-0-0\" class=\"so-panel widget widget_black-studio-tinymce widget_black_studio_tinymce panel-first-child panel-last-child\" data-index=\"1\" ><div class=\"textwidget\"><p><a title=\"Bes\u00f6k biblioteket\" href=\"\/musikochteaterbiblioteket\/besok-biblioteket\/\">\u00d6ppettider och bes\u00f6ksadress<\/a><\/p>\n<\/div><\/div><\/div><div id=\"pgc-11262-1-1\"  class=\"panel-grid-cell panel-grid-cell-empty\" ><\/div><\/div><div id=\"pg-11262-2\"  class=\"panel-grid panel-no-style\" ><div id=\"pgc-11262-2-0\"  class=\"panel-grid-cell\" ><div id=\"panel-11262-2-0-0\" class=\"so-panel widget widget_black-studio-tinymce widget_black_studio_tinymce panel-first-child panel-last-child\" data-index=\"2\" ><div class=\"textwidget\"><p><em>L\u00e5neexpedition och fj\u00e4rrl\u00e5n<\/em><br \/>\n<a href=\"tel:0851955412\">08-519 554 12<\/a><br \/>\n<a title=\"info@musikochteaterbiblioteket.se\" href=\"mailto:info@musikochteaterbiblioteket.se\">info@musikochteaterbiblioteket.se<\/a><\/p>\n<\/div><\/div><\/div><div id=\"pgc-11262-2-1\"  class=\"panel-grid-cell\" ><div id=\"panel-11262-2-1-0\" class=\"so-panel widget widget_black-studio-tinymce widget_black_studio_tinymce panel-first-child panel-last-child\" data-index=\"3\" ><div class=\"textwidget\"><p><em>Orkester- och bl\u00e5smusiksamlingen<\/em><br \/>\nTelefontid: tis\u2013tor kl 10\u201312<br \/>\n<a href=\"tel:0851955440\">08-519 554 40<\/a><br \/>\n<a title=\"orkester@musikochteaterbiblioteket.se\" href=\"mailto:orkester@musikochteaterbiblioteket.se\">orkester@musikochteaterbiblioteket.se<\/a><\/p>\n<\/div><\/div><\/div><div id=\"pgc-11262-2-2\"  class=\"panel-grid-cell\" ><div id=\"panel-11262-2-2-0\" class=\"so-panel widget widget_black-studio-tinymce widget_black_studio_tinymce panel-first-child panel-last-child\" data-index=\"4\" ><div class=\"textwidget\"><p><em>Arkiv och rariteter<\/em><br \/>\n<a title=\"specialsamlingar@musikochteaterbiblioteket.se\" href=\"mailto:specialsamlingar@musikochteaterbiblioteket.se\">specialsamlingar@musikochteaterbiblioteket.se<\/a><\/p>\n<\/div><\/div><\/div><\/div><div id=\"pg-11262-3\"  class=\"panel-grid panel-no-style\" ><div id=\"pgc-11262-3-0\"  class=\"panel-grid-cell\" ><div id=\"panel-11262-3-0-0\" class=\"so-panel widget widget_black-studio-tinymce widget_black_studio_tinymce panel-first-child panel-last-child\" data-index=\"5\" ><div class=\"textwidget\"><div id=\"panel-6620-2-0-0\" class=\"so-panel widget widget_headers panel-first-child\" data-index=\"6\">\n<div class=\"so-widget-headers so-widget-headers-base\">\n<h2 id=\"musikverkets-medarbetare\">Musik- och teaterbibliotekets medarbetare<\/h2>\n<\/div>\n<\/div>\n<div id=\"panel-6620-2-0-1\" class=\"so-panel widget widget_black-studio-tinymce widget_black_studio_tinymce panel-last-child\" data-index=\"7\">\n<div class=\"textwidget\">\n<p>E-postadresserna till medarbetarna f\u00f6ljer denna form:&nbsp;<strong>fornamn.efternamn@musikochteaterbiblioteket.se<br \/>\n<\/strong>Punkt anv\u00e4nds mellan dubbla efternamn. \u00c5, \u00c4, \u00d6 anv\u00e4nds ej.<\/div>\n<\/div>\n<\/div><\/div><\/div><\/div><div id=\"pg-11262-4\"  class=\"panel-grid panel-no-style\" ><div id=\"pgc-11262-4-0\"  class=\"panel-grid-cell\" ><div id=\"panel-11262-4-0-0\" class=\"so-panel widget widget_black-studio-tinymce widget_black_studio_tinymce panel-first-child\" data-index=\"6\" ><div class=\"textwidget\"><p><em>\u00d6verbibliotekarie<br \/>\n<\/em><a class=\"tooltip\" title=\"\u00d6verbibliotekarie\" href=\"#\">Kerstin Carpvik<\/a><br \/>\n<a href=\"tel:0851955429\">08-519 554 29<\/a><\/p>\n<\/div><\/div><div id=\"panel-11262-4-0-1\" class=\"so-panel widget widget_black-studio-tinymce widget_black_studio_tinymce\" data-index=\"7\" ><div class=\"textwidget\"><p><em>Bibliotekarie<br \/>\n<\/em><a class=\"tooltip\" title=\"Bibliotekarie, rariteter\" href=\"#\">Elisabet Andersson<\/a><br \/>\n<a href=\"tel:0851955433\">08-519 554 33<\/a><\/p>\n<\/div><\/div><div id=\"panel-11262-4-0-2\" class=\"so-panel widget widget_black-studio-tinymce widget_black_studio_tinymce\" data-index=\"8\" ><div class=\"textwidget\"><p><em>Biblioteksassistent<\/em><br \/>\n<a class=\"tooltip\" title=\"Biblioteksassistent (orkester)\" href=\"#\">David Bacci<\/a><br \/>\n<a href=\"tel:0851955437\">08-519 554 37<\/a><\/p>\n<\/div><\/div><div id=\"panel-11262-4-0-3\" class=\"so-panel widget widget_black-studio-tinymce widget_black_studio_tinymce\" data-index=\"9\" ><div class=\"textwidget\"><p><em>Raritetsbibliotekarie<br \/>\n<\/em><a class=\"tooltip\" title=\"Raritetsbibliotekarie\" href=\"#\">Marina Demina<\/a><br \/>\n<a href=\"tel:0851955415\">08-519 554 15<\/a><\/p>\n<\/div><\/div><div id=\"panel-11262-4-0-4\" class=\"so-panel widget widget_black-studio-tinymce widget_black_studio_tinymce panel-last-child\" data-index=\"10\" ><div class=\"textwidget\"><p><em>Bibliotekarie<\/em><br \/>\nSara Ekman<br \/>\n<a title=\"\" href=\"tel:+46851955446\">08-519 554 46<\/a><\/p>\n<\/div><\/div><\/div><div id=\"pgc-11262-4-1\"  class=\"panel-grid-cell\" ><div id=\"panel-11262-4-1-0\" class=\"so-panel widget widget_black-studio-tinymce widget_black_studio_tinymce panel-first-child\" data-index=\"11\" ><div class=\"textwidget\"><p><em>Teaterarkivarie<\/em><br \/>\n<\/em><a class=\"tooltip\" title=\"Teaterarkivarie\" href=\"#\">Lena Gustafsson<\/em><br \/>\n<a href=\"tel:0851955447\">08-519 554 47<\/a><\/p>\n<\/div><\/div><div id=\"panel-11262-4-1-1\" class=\"so-panel widget widget_black-studio-tinymce widget_black_studio_tinymce\" data-index=\"12\" ><div class=\"textwidget\"><p><em>Systembibliotekarie<br \/>\n<\/em><a class=\"tooltip\" title=\"Systembibliotekarie\" href=\"#\">Marie Hedbom<\/a><br \/>\n<a href=\"tel:08-519 554 96\">08-519 554 96<\/a><\/p>\n<\/div><\/div><div id=\"panel-11262-4-1-2\" class=\"so-panel widget widget_black-studio-tinymce widget_black_studio_tinymce\" data-index=\"13\" ><div class=\"textwidget\"><p><em>Bibliotekarie<br \/>\n<\/em><a class=\"tooltip\" title=\"Bibliotekarie, ansvarig lokala systemet\" href=\"#\">P\u00e4r Johansson<\/a><br \/>\n<a href=\"tel:0851955445\">08-519 554 45<\/a><\/p>\n<\/div><\/div><div id=\"panel-11262-4-1-3\" class=\"so-panel widget widget_black-studio-tinymce widget_black_studio_tinymce\" data-index=\"14\" ><div class=\"textwidget\"><p><em>Biblioteks- och arkivassistent<br \/>\n<\/em><a class=\"tooltip\" title=\"Biblioteksassistent\" href=\"#\">Mattias Karlsson<\/a><\/p>\n<\/div><\/div><div id=\"panel-11262-4-1-4\" class=\"so-panel widget widget_black-studio-tinymce widget_black_studio_tinymce panel-last-child\" data-index=\"15\" ><div class=\"textwidget\"><p><em>Bibliotekarie<br \/>\n<\/em><a class=\"tooltip\" title=\"Bibliotekarie, ansvarig f\u00f6r bibliotekets databaser\" href=\"#\">Ragnar K\u00f6hlin<br \/>\n<\/a><a href=\"tel:0851955427\">08-519 554 27<\/a><\/p>\n<\/div><\/div><\/div><div id=\"pgc-11262-4-2\"  class=\"panel-grid-cell\" ><div id=\"panel-11262-4-2-0\" class=\"so-panel widget widget_black-studio-tinymce widget_black_studio_tinymce panel-first-child\" data-index=\"16\" ><div class=\"textwidget\"><p><em>Bibliotekarie<br \/>\n<\/em><a class=\"tooltip\" title=\"Teaterbibliotekarie\" href=\"#\">Rikard Larsson-Eng<\/a><br \/>\n<a href=\"tel:0851955411\">08-519 554 11<\/a><\/p>\n<\/div><\/div><div id=\"panel-11262-4-2-1\" class=\"so-panel widget widget_black-studio-tinymce widget_black_studio_tinymce\" data-index=\"17\" ><div class=\"textwidget\"><p><em>Biblioteksassistent <\/em><br \/>\nG\u00f6ran Lilja<br \/>\n<a href=\"tel:+46851955493\">08-519 554 93<\/a><\/p>\n<\/div><\/div><div id=\"panel-11262-4-2-2\" class=\"so-panel widget widget_black-studio-tinymce widget_black_studio_tinymce\" data-index=\"18\" ><div class=\"textwidget\"><p><em>Enhetschef arkivenheten<br \/>\n<\/em><a class=\"tooltip\" title=\"Musikarkivarie\" href=\"#\">Sebastian Lindblom<\/a><br \/>\n<a href=\"tel:0851956703\">08-519&nbsp;567 03<\/a><\/p>\n<\/div><\/div><div id=\"panel-11262-4-2-3\" class=\"so-panel widget widget_black-studio-tinymce widget_black_studio_tinymce\" data-index=\"19\" ><div class=\"textwidget\"><p><em>Bibliotekarie<\/em><br \/>\nWilliam Lindvall (ej i tj\u00e4nst)<\/p>\n<\/div><\/div><div id=\"panel-11262-4-2-4\" class=\"so-panel widget widget_black-studio-tinymce widget_black_studio_tinymce panel-last-child\" data-index=\"20\" ><div class=\"textwidget\"><p><em>Bibliotekarie<\/em><br \/>\nAlicia Petersson<br \/>\n<a href=\"tel:0851955452\">08&nbsp;519&nbsp;554 52<\/a><\/p>\n<\/div><\/div><\/div><div id=\"pgc-11262-4-3\"  class=\"panel-grid-cell\" ><div id=\"panel-11262-4-3-0\" class=\"so-panel widget widget_black-studio-tinymce widget_black_studio_tinymce panel-first-child\" data-index=\"21\" ><div class=\"textwidget\"><p><em><em>Biblioteks- och arkivassistent&nbsp;<br \/>\n<\/em><\/em><a class=\"tooltip\" title=\"Biblioteksassistent\" href=\"#\">Aina Myrstener<br \/>\n<\/a><a href=\"tel:0851955410\">08-519 554 10<\/a><em><br \/>\n<\/em><\/p>\n<\/div><\/div><div id=\"panel-11262-4-3-1\" class=\"so-panel widget widget_black-studio-tinymce widget_black_studio_tinymce\" data-index=\"22\" ><div class=\"textwidget\"><p><em>Teaterarkivarie<\/em><br \/>\n<a class=\"tooltip\" title=\"Arkivarie med ansvar f\u00f6r teatersamlingarna\" href=\"#\">Virve Polsa<\/a><br \/>\n<a href=\"tel:0851955486\">08-519 554 86<\/a><\/p>\n<\/div><\/div><div id=\"panel-11262-4-3-2\" class=\"so-panel widget widget_black-studio-tinymce widget_black_studio_tinymce\" data-index=\"23\" ><div class=\"textwidget\"><p><em>Dansarkivarie<\/em><br \/>\nKajsa Sandstr\u00f6m<br \/>\n<a title=\"\" href=\"tel:+4685195 5435\">08-519 554 35<\/a><\/p>\n<\/div><\/div><div id=\"panel-11262-4-3-3\" class=\"so-panel widget widget_black-studio-tinymce widget_black_studio_tinymce panel-last-child\" data-index=\"24\" ><div class=\"textwidget\"><p><em>Bibliotekarie<br \/>\n<\/em><a class=\"tooltip\" title=\"Bibliotekarie, ansvarig f\u00f6r bl\u00e5s- och orkestersamlingen, ink\u00f6p musiklitteratur\" href=\"#\">Besa Spahiu<\/a><br \/>\n<a href=\"tel:0851955424\">08-519 554 24<\/a><\/p>\n<\/div><\/div><\/div><\/div><div id=\"pg-11262-5\"  class=\"panel-grid panel-no-style\" ><div id=\"pgc-11262-5-0\"  class=\"panel-grid-cell panel-grid-cell-mobile-last\" ><div id=\"panel-11262-5-0-0\" class=\"so-panel widget widget_black-studio-tinymce widget_black_studio_tinymce panel-first-child panel-last-child\" data-index=\"25\" ><div class=\"textwidget\"><h2>Fakturaadress<\/h2>\n<p>Musik- och teaterbiblioteket tar i f\u00f6rsta hand emot e-faktura via PEPPOL: 0007:2021003666<br \/>\nF\u00f6r mer information, kontakta <a title=\"\" href=\"mailto:ekonomi@statensmusikverk.se\">ekonomi@statensmusikverk.se<\/a><\/p>\n<p>Org.nr: 202100-3666<br \/>\nVAT-nr: SE202100-366601<br \/>\nGLN-nr: 734 009 321 320 2<\/p>\n<\/div><\/div><\/div><div id=\"pgc-11262-5-1\"  class=\"panel-grid-cell panel-grid-cell-empty\" ><\/div><\/div><div id=\"pg-11262-6\"  class=\"panel-grid panel-no-style\" ><div id=\"pgc-11262-6-0\"  class=\"panel-grid-cell panel-grid-cell-mobile-last\" ><div id=\"panel-11262-6-0-0\" class=\"so-panel widget widget_headers panel-first-child panel-last-child\" data-index=\"26\" ><div class=\"so-widget-headers so-widget-headers-base\"><h2 id=\"en-del-av-statens-musikverk\">En del av Statens musikverk<\/h2>\n<\/div><\/div><\/div><div id=\"pgc-11262-6-1\"  class=\"panel-grid-cell panel-grid-cell-empty\" ><\/div><\/div><div id=\"pg-11262-7\"  class=\"panel-grid panel-no-style\" ><div id=\"pgc-11262-7-0\"  class=\"panel-grid-cell\" ><div id=\"panel-11262-7-0-0\" class=\"so-panel widget widget_black-studio-tinymce widget_black_studio_tinymce panel-first-child panel-last-child\" data-index=\"27\" ><div class=\"textwidget\"><p><em>Registrator<br \/>\n<\/em>\u00c4renden kring allm\u00e4n handling och rapport om oegentlighet i enlighet med visselbl\u00e5sarlagen.<br \/>\n<a title=\"registrator@musikverket.se\" href=\"mailto:registrator@statensmusikverk.se\" target=\"_blank\" rel=\"noopener\">registrator@statensmusikverk.se<\/a><\/p>\n<\/div><\/div><\/div><div id=\"pgc-11262-7-1\"  class=\"panel-grid-cell\" ><div id=\"panel-11262-7-1-0\" class=\"so-panel widget widget_black-studio-tinymce widget_black_studio_tinymce panel-first-child panel-last-child\" data-index=\"28\" ><div class=\"textwidget\"><p><em>Adress<br \/>\n<\/em>Box 16326<br \/>\n103 26 Stockholm<\/p>\n<\/div><\/div><\/div><div id=\"pgc-11262-7-2\"  class=\"panel-grid-cell panel-grid-cell-mobile-last\" ><div id=\"panel-11262-7-2-0\" class=\"so-panel widget widget_black-studio-tinymce widget_black_studio_tinymce panel-first-child panel-last-child\" data-index=\"29\" ><div class=\"textwidget\"><p><a title=\"S\u00e5 behandlar Musikverket personuppgifter\" href=\"\/artikel\/sa-behandlar-musikverket-personuppgifter\/\">S\u00e5 behandlar Statens musikverk personuppgifter<\/a><br \/>\n<a title=\"\" href=\"mailto:dataskydd@statensmusikverk.se\">dataskydd@statensmusikverk.se<\/a><\/p>\n<\/div><\/div><\/div><div id=\"pgc-11262-7-3\"  class=\"panel-grid-cell panel-grid-cell-empty\" ><\/div><\/div><\/div>","protected":false},"excerpt":{"rendered":"<p>\u00d6ppettider och bes\u00f6ksadress<\/p>\n","protected":false},"author":70,"featured_media":0,"parent":0,"menu_order":0,"comment_status":"closed","ping_status":"closed","template":"","meta":{"ngg_post_thumbnail":0,"spay_email":""},"categories":[],"tags":[],"yoast_head":"<!-- This site is optimized with the Yoast SEO plugin v16.3 - https:\/\/yoast.com\/wordpress\/plugins\/seo\/ -->\n<meta name=\"robots\" content=\"index, follow, max-snippet:-1, max-image-preview:large, max-video-preview:-1\" \/>\n<link rel=\"canonical\" href=\"https:\/\/old.capricemusic.se\/musikochteaterbiblioteket\/kontakt-2\/\" \/>\n<meta property=\"og:locale\" content=\"sv_SE\" \/>\n<meta property=\"og:type\" content=\"article\" \/>\n<meta property=\"og:title\" content=\"Kontakt - Musik- och teaterbiblioteket\" \/>\n<meta property=\"og:description\" content=\"\u00d6ppettider och bes\u00f6ksadress\" \/>\n<meta property=\"og:url\" content=\"https:\/\/old.capricemusic.se\/musikochteaterbiblioteket\/kontakt-2\/\" \/>\n<meta property=\"og:site_name\" content=\"Musik- och teaterbiblioteket\" \/>\n<meta property=\"article:modified_time\" content=\"2024-06-11T12:29:03+00:00\" \/>\n<meta name=\"twitter:label1\" content=\"Ber\u00e4knad l\u00e4stid\">\n\t<meta name=\"twitter:data1\" content=\"2 minuter\">\n<script type=\"application\/ld+json\" class=\"yoast-schema-graph\">{\"@context\":\"https:\/\/schema.org\",\"@graph\":[{\"@type\":\"WebSite\",\"@id\":\"https:\/\/old.capricemusic.se\/musikochteaterbiblioteket\/#website\",\"url\":\"https:\/\/old.capricemusic.se\/musikochteaterbiblioteket\/\",\"name\":\"Musik- och teaterbiblioteket\",\"description\":\"F\\u00f6rdjupning, kunskap och spelgl\\u00e4dje\",\"potentialAction\":[{\"@type\":\"SearchAction\",\"target\":\"https:\/\/old.capricemusic.se\/musikochteaterbiblioteket\/?s={search_term_string}\",\"query-input\":\"required name=search_term_string\"}],\"inLanguage\":\"sv-SE\"},{\"@type\":\"WebPage\",\"@id\":\"https:\/\/old.capricemusic.se\/musikochteaterbiblioteket\/kontakt-2\/#webpage\",\"url\":\"https:\/\/old.capricemusic.se\/musikochteaterbiblioteket\/kontakt-2\/\",\"name\":\"Kontakt - Musik- och teaterbiblioteket\",\"isPartOf\":{\"@id\":\"https:\/\/old.capricemusic.se\/musikochteaterbiblioteket\/#website\"},\"datePublished\":\"2023-11-27T09:33:39+00:00\",\"dateModified\":\"2024-06-11T12:29:03+00:00\",\"breadcrumb\":{\"@id\":\"https:\/\/old.capricemusic.se\/musikochteaterbiblioteket\/kontakt-2\/#breadcrumb\"},\"inLanguage\":\"sv-SE\",\"potentialAction\":[{\"@type\":\"ReadAction\",\"target\":[\"https:\/\/old.capricemusic.se\/musikochteaterbiblioteket\/kontakt-2\/\"]}]},{\"@type\":\"BreadcrumbList\",\"@id\":\"https:\/\/old.capricemusic.se\/musikochteaterbiblioteket\/kontakt-2\/#breadcrumb\",\"itemListElement\":[{\"@type\":\"ListItem\",\"position\":1,\"item\":{\"@type\":\"WebPage\",\"@id\":\"https:\/\/old.capricemusic.se\/musikochteaterbiblioteket\/\",\"url\":\"https:\/\/old.capricemusic.se\/musikochteaterbiblioteket\/\",\"name\":\"Hem\"}},{\"@type\":\"ListItem\",\"position\":2,\"item\":{\"@id\":\"https:\/\/old.capricemusic.se\/musikochteaterbiblioteket\/kontakt-2\/#webpage\"}}]}]}<\/script>\n<!-- \/ Yoast SEO plugin. -->","jetpack_shortlink":"https:\/\/wp.me\/P2ZwmI-2VE","jetpack_sharing_enabled":true,"_links":{"self":[{"href":"https:\/\/old.capricemusic.se\/musikochteaterbiblioteket\/wp-json\/wp\/v2\/pages\/11262"}],"collection":[{"href":"https:\/\/old.capricemusic.se\/musikochteaterbiblioteket\/wp-json\/wp\/v2\/pages"}],"about":[{"href":"https:\/\/old.capricemusic.se\/musikochteaterbiblioteket\/wp-json\/wp\/v2\/types\/page"}],"author":[{"embeddable":true,"href":"https:\/\/old.capricemusic.se\/musikochteaterbiblioteket\/wp-json\/wp\/v2\/users\/70"}],"replies":[{"embeddable":true,"href":"https:\/\/old.capricemusic.se\/musikochteaterbiblioteket\/wp-json\/wp\/v2\/comments?post=11262"}],"version-history":[{"count":0,"href":"https:\/\/old.capricemusic.se\/musikochteaterbiblioteket\/wp-json\/wp\/v2\/pages\/11262\/revisions"}],"wp:attachment":[{"href":"https:\/\/old.capricemusic.se\/musikochteaterbiblioteket\/wp-json\/wp\/v2\/media?parent=11262"}],"wp:term":[{"taxonomy":"category","embeddable":true,"href":"https:\/\/old.capricemusic.se\/musikochteaterbiblioteket\/wp-json\/wp\/v2\/categories?post=11262"},{"taxonomy":"post_tag","embeddable":true,"href":"https:\/\/old.capricemusic.se\/musikochteaterbiblioteket\/wp-json\/wp\/v2\/tags?post=11262"}],"curies":[{"name":"wp","href":"https:\/\/api.w.org\/{rel}","templated":true}]}}