{"id":36510,"date":"2023-11-27T11:32:03","date_gmt":"2023-11-27T10:32:03","guid":{"rendered":"https:\/\/old.capricemusic.se\/capricerecords\/?page_id=36510"},"modified":"2024-01-31T11:04:09","modified_gmt":"2024-01-31T10:04:09","slug":"press","status":"publish","type":"page","link":"https:\/\/old.capricemusic.se\/capricerecords\/press\/","title":{"rendered":"Press"},"content":{"rendered":"<div id=\"pl-36510\"  class=\"panel-layout\" ><div id=\"pg-36510-0\"  class=\"panel-grid panel-no-style\" ><div id=\"pgc-36510-0-0\"  class=\"panel-grid-cell\" ><div id=\"panel-36510-0-0-0\" class=\"so-panel widget widget_headers panel-first-child panel-last-child\" data-index=\"0\" ><div class=\"so-widget-headers so-widget-headers-base\"><h1 id=\"press\">Press<\/h1>\n<\/div><\/div><\/div><\/div><div id=\"pg-36510-1\"  class=\"panel-grid panel-no-style\" ><div id=\"pgc-36510-1-0\"  class=\"panel-grid-cell panel-grid-cell-mobile-last\" ><div id=\"panel-36510-1-0-0\" class=\"so-panel widget widget_black-studio-tinymce widget_black_studio_tinymce panel-first-child panel-last-child\" data-index=\"1\" ><div class=\"textwidget\"><h2>Presskontakt<\/h2>\n<p>Anders Cangemark<br \/>\nMarknads- och promotionansvarig<br \/>\nTel: <a href=\"tel:+46851956701\">08-519 567 01<\/a><br \/>\n<a title=\"anders.cangemark@capricemusic.se\" href=\"mailto:anders.cangemark@capricemusic.se\">anders.cangemark@capricemusic.se<\/a><\/p>\n<p>Marie Wis\u00e9n<br \/>\nChef Caprice Music<br \/>\nTel: <a href=\"tel:0851955469\">08-519 554 69<\/a><br \/>\n<a href=\"mailto:marie.wisen@capricemusic.se\">marie.wisen@capricemusic.se<\/a><\/p>\n<p>Karin Algvik<br \/>\nKommunikationschef<br \/>\nTel: <a href=\"tel:070-832 42 14\">070-832 42 14<\/a><br \/>\n<a href=\"mailto:karin.algvik@musikverket.se\">karin.algvik@statensmusikverk.se<\/a><\/p>\n<h2>Aktuellt<\/h2>\n<p><a title=\"Aktuellt\" href=\"https:\/\/old.capricemusic.se\/capricerecords\/aktuellt\/\">Senaste nytt fr\u00e5n Caprice Music<\/a>&nbsp;<\/p>\n<h2>Pressmaterial<\/h2>\n<p>F\u00f6r pressbilder och annat material, v\u00e4nligen kontakta:<\/p>\n<p>Anders Cangemark<br \/>\nMarknads- och promotionansvarig<br \/>\nTel: <a href=\"tel:+46851956701\">08-519 567 01<\/a><br \/>\n<a title=\"anders.cangemark@capricemusic.se\" href=\"mailto:anders.cangemark@capricemusic.se\">anders.cangemark@capricemusic.se<\/a><\/p>\n<h2>Logotyp<\/h2>\n<p>H\u00e4r kan du ladda ner Caprice Musics logotyp.<\/p>\n<p>Logotyperna finns tillg\u00e4ngliga i ett tv\u00e5 olika f\u00e4rgformat: CMYK (f\u00f6r tryck) och RGB (f\u00f6r sk\u00e4rm) och finns i filformaten EPS (CMYK och RGB) och PNG (endast RGB). Logotypen finns i en positiv version, f\u00f6r anv\u00e4ndning mot ljus bakgrund, och i en negativ, f\u00f6r anv\u00e4ndning mot m\u00f6rk bakgrund.<\/p>\n<p><a href=\"https:\/\/old.capricemusic.se\/capricerecords\/files\/2023\/11\/Logotyp-Caprice-Music.zip\">Ladda ner Caprice Musics logotyp<\/a><\/p>\n<p>OBS! Filerna \u00e4r komprimerade i Zip-format och kommer beh\u00f6vas packas upp efter nedladdning.<\/p>\n<h3>S\u00e5 anv\u00e4nder du logotypen<\/h3>\n<p><strong>Frizon<\/strong><\/p>\n<p><a href=\"https:\/\/old.capricemusic.se\/capricerecords\/files\/2023\/11\/CAP-frizon.png\"><img class=\"alignnone size-medium wp-image-36511\" src=\"https:\/\/old.capricemusic.se\/capricerecords\/files\/2023\/11\/CAP-frizon-300x150.png\" alt=\"\" width=\"300\" height=\"150\"><\/a><\/p>\n<p><a href=\"https:\/\/old.capricemusic.se\/capricerecords\/files\/2023\/11\/CAP-x-matt.png\"><img class=\"alignnone size-medium wp-image-36532\" src=\"https:\/\/old.capricemusic.se\/capricerecords\/files\/2023\/11\/CAP-x-matt-300x95.png\" alt=\"\" width=\"300\" height=\"95\"><\/a><\/p>\n<p>Logotypen har en frizon d\u00e4r inga andra texter, bilder eller element f\u00e5r placeras. Frizonen anger ocks\u00e5 minsta till\u00e5tna avst\u00e5nd till en sidkant i en trycksak, annons eller p\u00e5 en webbsida.<\/p>\n<p>Frizonen \u00e4r ett s\u00e5 kallat x-m\u00e5tt som baseras p\u00e5 symbolens h\u00f6jd och det \u00e4r alltid proportionerligt i relation till logotypens storlek. X-m\u00e5ttet ber\u00e4knas genom att dela h\u00f6jden p\u00e5 symbolen i tre.<\/p>\n<p>Frizonen ska vara densamma p\u00e5 samtliga ytor runt om logotypen och samma m\u00e5tt g\u00e4ller alla versioner och uppst\u00e4llningar av logotypen.<\/p>\n<p><strong>Minsta storlek<\/strong><\/p>\n<p><a href=\"https:\/\/old.capricemusic.se\/capricerecords\/files\/2023\/11\/CAP-minsta-mm.png\"><img class=\"alignnone size-medium wp-image-36518\" src=\"https:\/\/old.capricemusic.se\/capricerecords\/files\/2023\/11\/CAP-minsta-mm-300x46.png\" alt=\"\" width=\"300\" height=\"46\"><\/a><\/p>\n<p><a href=\"https:\/\/old.capricemusic.se\/capricerecords\/files\/2023\/11\/CAP-minsta-px.png\"><img class=\"alignnone size-medium wp-image-36525\" src=\"https:\/\/old.capricemusic.se\/capricerecords\/files\/2023\/11\/CAP-minsta-px-300x60.png\" alt=\"\" width=\"300\" height=\"60\"><\/a><\/p>\n<p>F\u00f6r att logotypen ska uppfattas tydligt \u00e4ven i sm\u00e5 storlekar har vi en rekommenderad minsta storlek p\u00e5 5 mm h\u00f6jd f\u00f6r trycktill\u00e4mpningar och 24 pixlar h\u00f6jd f\u00f6r digitala till\u00e4mpningar.<\/p>\n<p>Om du har \u00f6vriga fr\u00e5gor om logotypens anv\u00e4ndning eller beh\u00f6ver den i ett annat filformat kan du kontakta Jonas Andr\u00e9, 08-519 554 71.<\/p>\n<p>&nbsp;<\/p>\n<\/div><\/div><\/div><div id=\"pgc-36510-1-1\"  class=\"panel-grid-cell panel-grid-cell-empty\" ><\/div><\/div><\/div>","protected":false},"excerpt":{"rendered":"<p>Presskontakt Anders Cangemark Marknads- och promotionansvarig Tel: 08-519 567 01 anders.cangemark@capricemusic.se Marie Wis\u00e9n Chef Caprice Music Tel: 08-519 554 69 marie.wisen@capricemusic.se Karin Algvik Kommunikationschef Tel: 070-832 42 14 karin.algvik@statensmusikverk.se Aktuellt Senaste nytt fr\u00e5n Caprice Music&nbsp; Pressmaterial F\u00f6r pressbilder och annat material, v\u00e4nligen kontakta: Anders Cangemark Marknads- och promotionansvarig Tel: 08-519 567 01 anders.cangemark@capricemusic.se Logotyp H\u00e4r [&hellip;]<\/p>\n","protected":false},"author":29,"featured_media":0,"parent":0,"menu_order":0,"comment_status":"closed","ping_status":"closed","template":"","meta":{"ngg_post_thumbnail":0},"categories":[],"tags":[],"yoast_head":"<!-- This site is optimized with the Yoast SEO plugin v16.3 - https:\/\/yoast.com\/wordpress\/plugins\/seo\/ -->\n<meta name=\"robots\" content=\"index, follow, max-snippet:-1, max-image-preview:large, max-video-preview:-1\" \/>\n<link rel=\"canonical\" href=\"https:\/\/old.capricemusic.se\/capricerecords\/press\/\" \/>\n<meta property=\"og:locale\" content=\"sv_SE\" \/>\n<meta property=\"og:type\" content=\"article\" \/>\n<meta property=\"og:title\" content=\"Press - Caprice Music\" \/>\n<meta property=\"og:description\" content=\"Presskontakt Anders Cangemark Marknads- och promotionansvarig Tel: 08-519 567 01 anders.cangemark@capricemusic.se Marie Wis\u00e9n Chef Caprice Music Tel: 08-519 554 69 marie.wisen@capricemusic.se Karin Algvik Kommunikationschef Tel: 070-832 42 14 karin.algvik@statensmusikverk.se Aktuellt Senaste nytt fr\u00e5n Caprice Music&nbsp; Pressmaterial F\u00f6r pressbilder och annat material, v\u00e4nligen kontakta: Anders Cangemark Marknads- och promotionansvarig Tel: 08-519 567 01 anders.cangemark@capricemusic.se Logotyp H\u00e4r [&hellip;]\" \/>\n<meta property=\"og:url\" content=\"https:\/\/old.capricemusic.se\/capricerecords\/press\/\" \/>\n<meta property=\"og:site_name\" content=\"Caprice Music\" \/>\n<meta property=\"article:modified_time\" content=\"2024-01-31T10:04:09+00:00\" \/>\n<meta property=\"og:image\" content=\"https:\/\/old.capricemusic.se\/capricerecords\/files\/2023\/11\/CAP-frizon-300x150.png\" \/>\n<meta name=\"twitter:label1\" content=\"Ber\u00e4knad l\u00e4stid\">\n\t<meta name=\"twitter:data1\" content=\"3 minuter\">\n<script type=\"application\/ld+json\" class=\"yoast-schema-graph\">{\"@context\":\"https:\/\/schema.org\",\"@graph\":[{\"@type\":\"WebSite\",\"@id\":\"https:\/\/old.capricemusic.se\/capricerecords\/#website\",\"url\":\"https:\/\/old.capricemusic.se\/capricerecords\/\",\"name\":\"Caprice Music\",\"description\":\"Inspelningar av konstn\\u00e4rligt intressant musik\",\"potentialAction\":[{\"@type\":\"SearchAction\",\"target\":\"https:\/\/old.capricemusic.se\/capricerecords\/?s={search_term_string}\",\"query-input\":\"required name=search_term_string\"}],\"inLanguage\":\"sv-SE\"},{\"@type\":\"ImageObject\",\"@id\":\"https:\/\/old.capricemusic.se\/capricerecords\/press\/#primaryimage\",\"inLanguage\":\"sv-SE\",\"url\":\"https:\/\/old.capricemusic.se\/capricerecords\/files\/2023\/11\/CAP-frizon.png\",\"contentUrl\":\"https:\/\/old.capricemusic.se\/capricerecords\/files\/2023\/11\/CAP-frizon.png\",\"width\":1188,\"height\":595},{\"@type\":\"WebPage\",\"@id\":\"https:\/\/old.capricemusic.se\/capricerecords\/press\/#webpage\",\"url\":\"https:\/\/old.capricemusic.se\/capricerecords\/press\/\",\"name\":\"Press - Caprice Music\",\"isPartOf\":{\"@id\":\"https:\/\/old.capricemusic.se\/capricerecords\/#website\"},\"primaryImageOfPage\":{\"@id\":\"https:\/\/old.capricemusic.se\/capricerecords\/press\/#primaryimage\"},\"datePublished\":\"2023-11-27T10:32:03+00:00\",\"dateModified\":\"2024-01-31T10:04:09+00:00\",\"breadcrumb\":{\"@id\":\"https:\/\/old.capricemusic.se\/capricerecords\/press\/#breadcrumb\"},\"inLanguage\":\"sv-SE\",\"potentialAction\":[{\"@type\":\"ReadAction\",\"target\":[\"https:\/\/old.capricemusic.se\/capricerecords\/press\/\"]}]},{\"@type\":\"BreadcrumbList\",\"@id\":\"https:\/\/old.capricemusic.se\/capricerecords\/press\/#breadcrumb\",\"itemListElement\":[{\"@type\":\"ListItem\",\"position\":1,\"item\":{\"@type\":\"WebPage\",\"@id\":\"https:\/\/old.capricemusic.se\/capricerecords\/\",\"url\":\"https:\/\/old.capricemusic.se\/capricerecords\/\",\"name\":\"Hem\"}},{\"@type\":\"ListItem\",\"position\":2,\"item\":{\"@id\":\"https:\/\/old.capricemusic.se\/capricerecords\/press\/#webpage\"}}]}]}<\/script>\n<!-- \/ Yoast SEO plugin. -->","jetpack_shortlink":"https:\/\/wp.me\/P2Zwn0-9uS","jetpack_sharing_enabled":true,"_links":{"self":[{"href":"https:\/\/old.capricemusic.se\/capricerecords\/wp-json\/wp\/v2\/pages\/36510"}],"collection":[{"href":"https:\/\/old.capricemusic.se\/capricerecords\/wp-json\/wp\/v2\/pages"}],"about":[{"href":"https:\/\/old.capricemusic.se\/capricerecords\/wp-json\/wp\/v2\/types\/page"}],"author":[{"embeddable":true,"href":"https:\/\/old.capricemusic.se\/capricerecords\/wp-json\/wp\/v2\/users\/29"}],"replies":[{"embeddable":true,"href":"https:\/\/old.capricemusic.se\/capricerecords\/wp-json\/wp\/v2\/comments?post=36510"}],"version-history":[{"count":0,"href":"https:\/\/old.capricemusic.se\/capricerecords\/wp-json\/wp\/v2\/pages\/36510\/revisions"}],"wp:attachment":[{"href":"https:\/\/old.capricemusic.se\/capricerecords\/wp-json\/wp\/v2\/media?parent=36510"}],"wp:term":[{"taxonomy":"category","embeddable":true,"href":"https:\/\/old.capricemusic.se\/capricerecords\/wp-json\/wp\/v2\/categories?post=36510"},{"taxonomy":"post_tag","embeddable":true,"href":"https:\/\/old.capricemusic.se\/capricerecords\/wp-json\/wp\/v2\/tags?post=36510"}],"curies":[{"name":"wp","href":"https:\/\/api.w.org\/{rel}","templated":true}]}}