{"id":36482,"date":"2023-11-27T11:02:38","date_gmt":"2023-11-27T10:02:38","guid":{"rendered":"https:\/\/old.capricemusic.se\/capricerecords\/?page_id=36482"},"modified":"2023-11-27T11:02:38","modified_gmt":"2023-11-27T10:02:38","slug":"kontakt-2","status":"publish","type":"page","link":"https:\/\/old.capricemusic.se\/capricerecords\/kontakt-2\/","title":{"rendered":"Kontakt"},"content":{"rendered":"<div id=\"pl-36482\"  class=\"panel-layout\" ><div id=\"pg-36482-0\"  class=\"panel-grid panel-no-style\" ><div id=\"pgc-36482-0-0\"  class=\"panel-grid-cell\" ><div id=\"panel-36482-0-0-0\" class=\"so-panel widget widget_headers panel-first-child panel-last-child\" data-index=\"0\" ><div class=\"so-widget-headers so-widget-headers-base\"><h1 id=\"kontakta-caprice-music\">Kontakta Caprice Music<\/h1>\n<\/div><\/div><\/div><\/div><div id=\"pg-36482-1\"  class=\"panel-grid panel-no-style\" ><div id=\"pgc-36482-1-0\"  class=\"panel-grid-cell\" ><div id=\"panel-36482-1-0-0\" class=\"so-panel widget widget_black-studio-tinymce widget_black_studio_tinymce panel-first-child panel-last-child\" data-index=\"1\" ><div class=\"textwidget\"><div id=\"panel-6620-2-0-0\" class=\"so-panel widget widget_headers panel-first-child\" data-index=\"6\">\n<div class=\"so-widget-headers so-widget-headers-base\">\n<h2 id=\"musikverkets-medarbetare\">Caprice Musics medarbetare<\/h2>\n<\/div>\n<\/div>\n<div id=\"panel-6620-2-0-1\" class=\"so-panel widget widget_black-studio-tinymce widget_black_studio_tinymce panel-last-child\" data-index=\"7\">\n<div class=\"textwidget\">\n<p>E-postadresserna till medarbetarna f\u00f6ljer denna form:&nbsp;<strong>fornamn.efternamn@capricemusic.se<br \/>\n<\/strong>Punkt anv\u00e4nds mellan dubbla efternamn. \u00c5, \u00c4, \u00d6 anv\u00e4nds ej.<\/div>\n<\/div>\n<\/div><\/div><\/div><\/div><div id=\"pg-36482-2\"  class=\"panel-grid panel-no-style\" ><div id=\"pgc-36482-2-0\"  class=\"panel-grid-cell\" ><div id=\"panel-36482-2-0-0\" class=\"so-panel widget widget_black-studio-tinymce widget_black_studio_tinymce panel-first-child panel-last-child\" data-index=\"2\" ><div class=\"textwidget\"><p><em>Chef Caprice Music<br \/>\n<\/em>Marie Wis\u00e9n<br \/>\n<a href=\"tel:0851955469\">08-519 554 69<\/a><\/p>\n<\/div><\/div><\/div><div id=\"pgc-36482-2-1\"  class=\"panel-grid-cell\" ><div id=\"panel-36482-2-1-0\" class=\"so-panel widget widget_black-studio-tinymce widget_black_studio_tinymce panel-first-child panel-last-child\" data-index=\"3\" ><div class=\"textwidget\"><p><em>Producent, digitala releaser<br \/>\n<\/em>Erik Hamrefors<br \/>\n<a href=\"tel:0851956705\">08-519 567 05<\/a><\/p>\n<\/div><\/div><\/div><div id=\"pgc-36482-2-2\"  class=\"panel-grid-cell\" ><div id=\"panel-36482-2-2-0\" class=\"so-panel widget widget_black-studio-tinymce widget_black_studio_tinymce panel-first-child panel-last-child\" data-index=\"4\" ><div class=\"textwidget\"><p><em>Marknads- och promotionansvarig<br \/>\n<\/em>Anders Cangemark<br \/>\n<a href=\"tel:+46851956701\">08-519 567 01<\/a> <em><br \/>\n<\/em><\/p>\n<\/div><\/div><\/div><\/div><div id=\"pg-36482-3\"  class=\"panel-grid panel-no-style\" ><div id=\"pgc-36482-3-0\"  class=\"panel-grid-cell panel-grid-cell-mobile-last\" ><div id=\"panel-36482-3-0-0\" class=\"so-panel widget widget_black-studio-tinymce widget_black_studio_tinymce panel-first-child panel-last-child\" data-index=\"5\" ><div class=\"textwidget\"><h2>Fakturaadress<\/h2>\n<p>Musik- och teaterbiblioteket tar i f\u00f6rsta hand emot e-faktura via PEPPOL: 0007:2021003666<br \/>\nF\u00f6r mer information, kontakta <a title=\"\" href=\"mailto:ekonomi@statensmusikverk.se\">ekonomi@statensmusikverk.se<\/a><\/p>\n<p>Org.nr: 202100-3666<br \/>\nVAT-nr: SE202100-366601<br \/>\nGLN-nr: 734 009 321 320 2<\/p>\n<\/div><\/div><\/div><div id=\"pgc-36482-3-1\"  class=\"panel-grid-cell panel-grid-cell-empty\" ><\/div><\/div><div id=\"pg-36482-4\"  class=\"panel-grid panel-no-style\" ><div id=\"pgc-36482-4-0\"  class=\"panel-grid-cell panel-grid-cell-mobile-last\" ><div id=\"panel-36482-4-0-0\" class=\"so-panel widget widget_headers panel-first-child panel-last-child\" data-index=\"6\" ><div class=\"so-widget-headers so-widget-headers-base\"><h2 id=\"en-del-av-statens-musikverk\">En del av Statens musikverk<\/h2>\n<\/div><\/div><\/div><div id=\"pgc-36482-4-1\"  class=\"panel-grid-cell panel-grid-cell-empty\" ><\/div><\/div><div id=\"pg-36482-5\"  class=\"panel-grid panel-no-style\" ><div id=\"pgc-36482-5-0\"  class=\"panel-grid-cell\" ><div id=\"panel-36482-5-0-0\" class=\"so-panel widget widget_black-studio-tinymce widget_black_studio_tinymce panel-first-child panel-last-child\" data-index=\"7\" ><div class=\"textwidget\"><p><em>Registrator<br \/>\n<\/em>\u00c4renden kring allm\u00e4n handling och rapport om oegentlighet i enlighet med visselbl\u00e5sarlagen.<br \/>\n<a title=\"registrator@musikverket.se\" href=\"mailto:registrator@statensmusikverk.se\" target=\"_blank\" rel=\"noopener\">registrator@statensmusikverk.se<\/a><\/p>\n<\/div><\/div><\/div><div id=\"pgc-36482-5-1\"  class=\"panel-grid-cell\" ><div id=\"panel-36482-5-1-0\" class=\"so-panel widget widget_black-studio-tinymce widget_black_studio_tinymce panel-first-child panel-last-child\" data-index=\"8\" ><div class=\"textwidget\"><p><em>Adress<br \/>\n<\/em>Box 16326<br \/>\n103 26 Stockholm<\/p>\n<\/div><\/div><\/div><div id=\"pgc-36482-5-2\"  class=\"panel-grid-cell\" ><div id=\"panel-36482-5-2-0\" class=\"so-panel widget widget_black-studio-tinymce widget_black_studio_tinymce panel-first-child panel-last-child\" data-index=\"9\" ><div class=\"textwidget\"><p><a title=\"S\u00e5 behandlar Musikverket personuppgifter\" href=\"\/artikel\/sa-behandlar-musikverket-personuppgifter\/\">S\u00e5 behandlar Statens musikverk personuppgifter<\/a><br \/>\n<a title=\"\" href=\"mailto:dataskydd@statensmusikverk.se\">dataskydd@statensmusikverk.se<\/a><\/p>\n<\/div><\/div><\/div><\/div><\/div>","protected":false},"excerpt":{"rendered":"<p>Caprice Musics medarbetare E-postadresserna till medarbetarna f\u00f6ljer denna form:&nbsp;fornamn.efternamn@capricemusic.se Punkt anv\u00e4nds mellan dubbla efternamn. \u00c5, \u00c4, \u00d6 anv\u00e4nds ej.<\/p>\n","protected":false},"author":70,"featured_media":0,"parent":0,"menu_order":0,"comment_status":"closed","ping_status":"closed","template":"","meta":{"ngg_post_thumbnail":0},"categories":[],"tags":[],"yoast_head":"<!-- This site is optimized with the Yoast SEO plugin v16.3 - https:\/\/yoast.com\/wordpress\/plugins\/seo\/ -->\n<meta name=\"robots\" content=\"index, follow, max-snippet:-1, max-image-preview:large, max-video-preview:-1\" \/>\n<link rel=\"canonical\" href=\"https:\/\/old.capricemusic.se\/capricerecords\/kontakt-2\/\" \/>\n<meta property=\"og:locale\" content=\"sv_SE\" \/>\n<meta property=\"og:type\" content=\"article\" \/>\n<meta property=\"og:title\" content=\"Kontakt - Caprice Music\" \/>\n<meta property=\"og:description\" content=\"Caprice Musics medarbetare E-postadresserna till medarbetarna f\u00f6ljer denna form:&nbsp;fornamn.efternamn@capricemusic.se Punkt anv\u00e4nds mellan dubbla efternamn. \u00c5, \u00c4, \u00d6 anv\u00e4nds ej.\" \/>\n<meta property=\"og:url\" content=\"https:\/\/old.capricemusic.se\/capricerecords\/kontakt-2\/\" \/>\n<meta property=\"og:site_name\" content=\"Caprice Music\" \/>\n<meta name=\"twitter:label1\" content=\"Ber\u00e4knad l\u00e4stid\">\n\t<meta name=\"twitter:data1\" content=\"1 minut\">\n<script type=\"application\/ld+json\" class=\"yoast-schema-graph\">{\"@context\":\"https:\/\/schema.org\",\"@graph\":[{\"@type\":\"WebSite\",\"@id\":\"https:\/\/old.capricemusic.se\/capricerecords\/#website\",\"url\":\"https:\/\/old.capricemusic.se\/capricerecords\/\",\"name\":\"Caprice Music\",\"description\":\"Inspelningar av konstn\\u00e4rligt intressant musik\",\"potentialAction\":[{\"@type\":\"SearchAction\",\"target\":\"https:\/\/old.capricemusic.se\/capricerecords\/?s={search_term_string}\",\"query-input\":\"required name=search_term_string\"}],\"inLanguage\":\"sv-SE\"},{\"@type\":\"WebPage\",\"@id\":\"https:\/\/old.capricemusic.se\/capricerecords\/kontakt-2\/#webpage\",\"url\":\"https:\/\/old.capricemusic.se\/capricerecords\/kontakt-2\/\",\"name\":\"Kontakt - Caprice Music\",\"isPartOf\":{\"@id\":\"https:\/\/old.capricemusic.se\/capricerecords\/#website\"},\"datePublished\":\"2023-11-27T10:02:38+00:00\",\"dateModified\":\"2023-11-27T10:02:38+00:00\",\"breadcrumb\":{\"@id\":\"https:\/\/old.capricemusic.se\/capricerecords\/kontakt-2\/#breadcrumb\"},\"inLanguage\":\"sv-SE\",\"potentialAction\":[{\"@type\":\"ReadAction\",\"target\":[\"https:\/\/old.capricemusic.se\/capricerecords\/kontakt-2\/\"]}]},{\"@type\":\"BreadcrumbList\",\"@id\":\"https:\/\/old.capricemusic.se\/capricerecords\/kontakt-2\/#breadcrumb\",\"itemListElement\":[{\"@type\":\"ListItem\",\"position\":1,\"item\":{\"@type\":\"WebPage\",\"@id\":\"https:\/\/old.capricemusic.se\/capricerecords\/\",\"url\":\"https:\/\/old.capricemusic.se\/capricerecords\/\",\"name\":\"Hem\"}},{\"@type\":\"ListItem\",\"position\":2,\"item\":{\"@id\":\"https:\/\/old.capricemusic.se\/capricerecords\/kontakt-2\/#webpage\"}}]}]}<\/script>\n<!-- \/ Yoast SEO plugin. -->","jetpack_shortlink":"https:\/\/wp.me\/P2Zwn0-9uq","jetpack_sharing_enabled":true,"_links":{"self":[{"href":"https:\/\/old.capricemusic.se\/capricerecords\/wp-json\/wp\/v2\/pages\/36482"}],"collection":[{"href":"https:\/\/old.capricemusic.se\/capricerecords\/wp-json\/wp\/v2\/pages"}],"about":[{"href":"https:\/\/old.capricemusic.se\/capricerecords\/wp-json\/wp\/v2\/types\/page"}],"author":[{"embeddable":true,"href":"https:\/\/old.capricemusic.se\/capricerecords\/wp-json\/wp\/v2\/users\/70"}],"replies":[{"embeddable":true,"href":"https:\/\/old.capricemusic.se\/capricerecords\/wp-json\/wp\/v2\/comments?post=36482"}],"version-history":[{"count":0,"href":"https:\/\/old.capricemusic.se\/capricerecords\/wp-json\/wp\/v2\/pages\/36482\/revisions"}],"wp:attachment":[{"href":"https:\/\/old.capricemusic.se\/capricerecords\/wp-json\/wp\/v2\/media?parent=36482"}],"wp:term":[{"taxonomy":"category","embeddable":true,"href":"https:\/\/old.capricemusic.se\/capricerecords\/wp-json\/wp\/v2\/categories?post=36482"},{"taxonomy":"post_tag","embeddable":true,"href":"https:\/\/old.capricemusic.se\/capricerecords\/wp-json\/wp\/v2\/tags?post=36482"}],"curies":[{"name":"wp","href":"https:\/\/api.w.org\/{rel}","templated":true}]}}